{"id":2506,"date":"2017-06-29T05:27:44","date_gmt":"2017-06-29T05:27:44","guid":{"rendered":"http:\/\/wpdemos.themezaa.com\/pofo\/?page_id=2506"},"modified":"2022-10-11T11:21:54","modified_gmt":"2022-10-11T11:21:54","slug":"home-classic-corporate","status":"publish","type":"page","link":"https:\/\/frederiquehorn.com\/es\/","title":{"rendered":"Home classic corporate"},"content":{"rendered":"<section class=\"wpb-content-wrapper\"><section data-vc-full-width=\"true\" data-vc-full-width-init=\"false\" data-vc-stretch-content=\"true\" class=\"vc_row wpb_row vc_row-fluid  vc_custom_1514959554872 pofo-stretch-content vc_row-no-padding\"><div class=\"wpb_column vc_column_container vc_col-sm-12  col-xs-mobile-fullwidth\"><div class=\"vc_column-inner \"><div class=\"wpb_wrapper\">\n\t\t\t<!-- START intro2esp REVOLUTION SLIDER 6.6.14 --><p class=\"rs-p-wp-fix\"><\/p>\n\t\t\t<rs-module-wrap id=\"rev_slider_13_1_wrapper\" data-source=\"gallery\" style=\"visibility:hidden;background:#0a0a0a;padding:0;margin:0px auto;margin-top:0;margin-bottom:0;\">\n\t\t\t\t<rs-module id=\"rev_slider_13_1\" style=\"\" data-version=\"6.6.14\">\n\t\t\t\t\t<rs-slides style=\"overflow: hidden; position: absolute;\">\n\t\t\t\t\t\t<rs-slide style=\"position: absolute;\" data-key=\"rs-91\" data-title=\"Slide\" data-thumb=\"\/\/frederiquehorn.com\/wp-content\/uploads\/2019\/03\/portraits-100x50.jpg\" data-link=\"\/\/frederiquehorn.com\/es\/fotografia-de-retrato-artistico\/\" data-tag=\"l\" data-target=\"_self\" data-seoz=\"front\" data-anim=\"ms:2000;e:slidingoverlay;\" data-in=\"x:(100%);\">\n\t\t\t\t\t\t\t<img decoding=\"async\" src=\"\/\/frederiquehorn.com\/wp-content\/plugins\/revslider\/public\/assets\/assets\/dummy.png\" alt=\"\" title=\"Home classic corporate\" class=\"rev-slidebg tp-rs-img rs-lazyload\" data-lazyload=\"\/\/frederiquehorn.com\/wp-content\/uploads\/2019\/03\/portraits.jpg\" data-no-retina>\n<!--\n\t\t\t\t\t\t\t--><rs-layer\n\t\t\t\t\t\t\t\tid=\"slider-13-slide-91-layer-1\" \n\t\t\t\t\t\t\t\tclass=\"rs-selectable\"\n\t\t\t\t\t\t\t\tdata-type=\"text\"\n\t\t\t\t\t\t\t\tdata-color=\"rgba(255, 255, 255, 1)\"\n\t\t\t\t\t\t\t\tdata-rsp_ch=\"on\"\n\t\t\t\t\t\t\t\tdata-xy=\"x:c;y:c;yo:1px;\"\n\t\t\t\t\t\t\t\tdata-text=\"s:42;l:54;fw:300;a:inherit;\"\n\t\t\t\t\t\t\t\tdata-frame_0=\"tp:600;\"\n\t\t\t\t\t\t\t\tdata-frame_1=\"tp:600;sR:10;\"\n\t\t\t\t\t\t\t\tdata-frame_999=\"o:0;tp:600;st:w;sR:8690;\"\n\t\t\t\t\t\t\t\tstyle=\"z-index:5;font-family:'Lato';text-transform:uppercase;letter-spacing:45px;\"\n\t\t\t\t\t\t\t>RETRATOS \n\t\t\t\t\t\t\t<\/rs-layer><!--\n-->\t\t\t\t\t\t<\/rs-slide>\n\t\t\t\t\t\t<rs-slide style=\"position: absolute;\" data-key=\"rs-97\" data-title=\"Slide\" data-thumb=\"\/\/frederiquehorn.com\/wp-content\/uploads\/2019\/11\/IMG_8829-100x50.jpg\" data-link=\"\/\/frederiquehorn.com\/es\/fotografia-para-inmobiliarias\/\" data-tag=\"l\" data-target=\"_self\" data-seoz=\"front\" data-anim=\"ms:2000;e:slidingoverlay;\" data-in=\"x:(100%);\">\n\t\t\t\t\t\t\t<img decoding=\"async\" src=\"\/\/frederiquehorn.com\/wp-content\/plugins\/revslider\/public\/assets\/assets\/dummy.png\" alt=\"\" title=\"Home classic corporate\" class=\"rev-slidebg tp-rs-img rs-lazyload\" data-lazyload=\"\/\/frederiquehorn.com\/wp-content\/uploads\/2019\/11\/IMG_8829.jpg\" data-no-retina>\n<!--\n\t\t\t\t\t\t\t--><rs-layer\n\t\t\t\t\t\t\t\tid=\"slider-13-slide-97-layer-1\" \n\t\t\t\t\t\t\t\tclass=\"rs-selectable\"\n\t\t\t\t\t\t\t\tdata-type=\"text\"\n\t\t\t\t\t\t\t\tdata-color=\"rgba(255, 255, 255, 1)\"\n\t\t\t\t\t\t\t\tdata-rsp_ch=\"on\"\n\t\t\t\t\t\t\t\tdata-xy=\"x:c;y:c;\"\n\t\t\t\t\t\t\t\tdata-text=\"s:42;l:54;fw:300;a:inherit;\"\n\t\t\t\t\t\t\t\tdata-frame_0=\"tp:600;\"\n\t\t\t\t\t\t\t\tdata-frame_1=\"tp:600;sR:10;\"\n\t\t\t\t\t\t\t\tdata-frame_999=\"o:0;tp:600;st:w;sR:8690;\"\n\t\t\t\t\t\t\t\tstyle=\"z-index:5;font-family:'Lato';text-transform:uppercase;letter-spacing:45px;\"\n\t\t\t\t\t\t\t>INMOBILIARIA \n\t\t\t\t\t\t\t<\/rs-layer><!--\n-->\t\t\t\t\t\t<\/rs-slide>\n\t\t\t\t\t\t<rs-slide style=\"position: absolute;\" data-key=\"rs-90\" data-title=\"Slide\" data-thumb=\"\/\/frederiquehorn.com\/wp-content\/uploads\/2019\/03\/eventos-100x50.jpg\" data-link=\"\/\/frederiquehorn.com\/es\/fotografo-eventos-reportajes-de-bodas-malaga\/\" data-tag=\"l\" data-target=\"_self\" data-seoz=\"front\" data-anim=\"ms:2000;e:slidingoverlay;\" data-in=\"x:(100%);\">\n\t\t\t\t\t\t\t<img decoding=\"async\" src=\"\/\/frederiquehorn.com\/wp-content\/plugins\/revslider\/public\/assets\/assets\/dummy.png\" alt=\"\" title=\"Home classic corporate\" class=\"rev-slidebg tp-rs-img rs-lazyload\" data-lazyload=\"\/\/frederiquehorn.com\/wp-content\/uploads\/2019\/03\/eventos.jpg\" data-no-retina>\n<!--\n\t\t\t\t\t\t\t--><rs-layer\n\t\t\t\t\t\t\t\tid=\"slider-13-slide-90-layer-1\" \n\t\t\t\t\t\t\t\tclass=\"rs-selectable\"\n\t\t\t\t\t\t\t\tdata-type=\"text\"\n\t\t\t\t\t\t\t\tdata-color=\"rgba(255, 255, 255, 1)\"\n\t\t\t\t\t\t\t\tdata-rsp_ch=\"on\"\n\t\t\t\t\t\t\t\tdata-xy=\"x:c;xo:2px;y:c;yo:1px;\"\n\t\t\t\t\t\t\t\tdata-text=\"s:42;l:54;fw:300;a:inherit;\"\n\t\t\t\t\t\t\t\tdata-frame_0=\"tp:600;\"\n\t\t\t\t\t\t\t\tdata-frame_1=\"tp:600;sR:10;\"\n\t\t\t\t\t\t\t\tdata-frame_999=\"o:0;tp:600;st:w;sR:8690;\"\n\t\t\t\t\t\t\t\tstyle=\"z-index:5;font-family:'Lato';text-transform:uppercase;letter-spacing:45px;\"\n\t\t\t\t\t\t\t>eventOs \n\t\t\t\t\t\t\t<\/rs-layer><!--\n-->\t\t\t\t\t\t<\/rs-slide>\n\t\t\t\t\t\t<rs-slide style=\"position: absolute;\" data-key=\"rs-96\" data-title=\"Slide\" data-thumb=\"\/\/frederiquehorn.com\/wp-content\/uploads\/2019\/03\/deco-100x50.jpg\" data-link=\"\/\/frederiquehorn.com\/es\/fotografia-de-interiores-y-arquitectura\/\" data-tag=\"l\" data-target=\"_self\" data-seoz=\"front\" data-anim=\"ms:2000;e:slidingoverlay;\" data-in=\"x:(100%);\">\n\t\t\t\t\t\t\t<img decoding=\"async\" src=\"\/\/frederiquehorn.com\/wp-content\/plugins\/revslider\/public\/assets\/assets\/dummy.png\" alt=\"\" title=\"Home classic corporate\" class=\"rev-slidebg tp-rs-img rs-lazyload\" data-lazyload=\"\/\/frederiquehorn.com\/wp-content\/uploads\/2019\/03\/deco.jpg\" data-no-retina>\n<!--\n\t\t\t\t\t\t\t--><rs-layer\n\t\t\t\t\t\t\t\tid=\"slider-13-slide-96-layer-1\" \n\t\t\t\t\t\t\t\tclass=\"rs-selectable\"\n\t\t\t\t\t\t\t\tdata-type=\"text\"\n\t\t\t\t\t\t\t\tdata-color=\"rgba(255, 255, 255, 1)\"\n\t\t\t\t\t\t\t\tdata-rsp_ch=\"on\"\n\t\t\t\t\t\t\t\tdata-xy=\"x:c;xo:1px;y:c;\"\n\t\t\t\t\t\t\t\tdata-text=\"s:42;l:54;fw:300;a:inherit;\"\n\t\t\t\t\t\t\t\tdata-frame_0=\"tp:600;\"\n\t\t\t\t\t\t\t\tdata-frame_1=\"tp:600;st:0;\"\n\t\t\t\t\t\t\t\tdata-frame_999=\"o:0;tp:600;st:w;sR:8700;\"\n\t\t\t\t\t\t\t\tstyle=\"z-index:5;font-family:'Lato';text-transform:uppercase;letter-spacing:45px;\"\n\t\t\t\t\t\t\t>deco \n\t\t\t\t\t\t\t<\/rs-layer><!--\n-->\t\t\t\t\t\t<\/rs-slide>\n\t\t\t\t\t\t<rs-slide style=\"position: absolute;\" data-key=\"rs-94\" data-title=\"Slide\" data-thumb=\"\/\/frederiquehorn.com\/wp-content\/uploads\/2019\/03\/moda-100x50.jpg\" data-link=\"\/\/frederiquehorn.com\/es\/fotografia-publicitaria-moda\/\" data-tag=\"l\" data-target=\"_self\" data-seoz=\"front\" data-anim=\"ms:2000;e:slidingoverlay;\" data-in=\"x:(100%);\">\n\t\t\t\t\t\t\t<img decoding=\"async\" src=\"\/\/frederiquehorn.com\/wp-content\/plugins\/revslider\/public\/assets\/assets\/dummy.png\" alt=\"\" title=\"Home classic corporate\" class=\"rev-slidebg tp-rs-img rs-lazyload\" data-lazyload=\"\/\/frederiquehorn.com\/wp-content\/uploads\/2019\/03\/moda.jpg\" data-no-retina>\n<!--\n\t\t\t\t\t\t\t--><rs-layer\n\t\t\t\t\t\t\t\tid=\"slider-13-slide-94-layer-1\" \n\t\t\t\t\t\t\t\tclass=\"rs-selectable\"\n\t\t\t\t\t\t\t\tdata-type=\"text\"\n\t\t\t\t\t\t\t\tdata-color=\"rgba(255, 255, 255, 1)\"\n\t\t\t\t\t\t\t\tdata-rsp_ch=\"on\"\n\t\t\t\t\t\t\t\tdata-xy=\"x:c;y:c;yo:1px;\"\n\t\t\t\t\t\t\t\tdata-text=\"s:42;l:54;fw:300;a:inherit;\"\n\t\t\t\t\t\t\t\tdata-frame_0=\"tp:600;\"\n\t\t\t\t\t\t\t\tdata-frame_1=\"tp:600;st:0;\"\n\t\t\t\t\t\t\t\tdata-frame_999=\"o:0;tp:600;st:w;sR:8700;\"\n\t\t\t\t\t\t\t\tstyle=\"z-index:5;font-family:'Lato';text-transform:uppercase;letter-spacing:45px;\"\n\t\t\t\t\t\t\t>MODA\n \n\t\t\t\t\t\t\t<\/rs-layer><!--\n-->\t\t\t\t\t\t<\/rs-slide>\n\t\t\t\t\t\t<rs-slide style=\"position: absolute;\" data-key=\"rs-93\" data-title=\"Slide\" data-thumb=\"\/\/frederiquehorn.com\/wp-content\/uploads\/2019\/03\/gastronomia-100x50.jpg\" data-link=\"\/\/frederiquehorn.com\/es\/fotografia-producto-gastronomia-gourmet-alimentos\/\" data-tag=\"l\" data-target=\"_self\" data-seoz=\"front\" data-anim=\"ms:2000;e:slidingoverlay;\" data-in=\"x:(100%);\">\n\t\t\t\t\t\t\t<img decoding=\"async\" src=\"\/\/frederiquehorn.com\/wp-content\/plugins\/revslider\/public\/assets\/assets\/dummy.png\" alt=\"\" title=\"Home classic corporate\" class=\"rev-slidebg tp-rs-img rs-lazyload\" data-lazyload=\"\/\/frederiquehorn.com\/wp-content\/uploads\/2019\/03\/gastronomia.jpg\" data-no-retina>\n<!--\n\t\t\t\t\t\t\t--><rs-layer\n\t\t\t\t\t\t\t\tid=\"slider-13-slide-93-layer-1\" \n\t\t\t\t\t\t\t\tclass=\"rs-selectable\"\n\t\t\t\t\t\t\t\tdata-type=\"text\"\n\t\t\t\t\t\t\t\tdata-color=\"rgba(255, 255, 255, 1)\"\n\t\t\t\t\t\t\t\tdata-rsp_ch=\"on\"\n\t\t\t\t\t\t\t\tdata-xy=\"x:c;xo:1px;y:c;yo:-1px;\"\n\t\t\t\t\t\t\t\tdata-text=\"s:42;l:54;fw:300;a:center;\"\n\t\t\t\t\t\t\t\tdata-frame_0=\"tp:600;\"\n\t\t\t\t\t\t\t\tdata-frame_1=\"tp:600;st:0;\"\n\t\t\t\t\t\t\t\tdata-frame_999=\"o:0;tp:600;st:w;sR:8700;\"\n\t\t\t\t\t\t\t\tstyle=\"z-index:5;font-family:'Lato';text-transform:uppercase;letter-spacing:45px;\"\n\t\t\t\t\t\t\t>Gastronom\u00eda \n\t\t\t\t\t\t\t<\/rs-layer><!--\n-->\t\t\t\t\t\t<\/rs-slide>\n\t\t\t\t\t\t<rs-slide style=\"position: absolute;\" data-key=\"rs-89\" data-title=\"Slide\" data-thumb=\"\/\/frederiquehorn.com\/wp-content\/uploads\/2019\/03\/lifestyle-100x50.jpg\" data-link=\"\/\/frederiquehorn.com\/es\/estudio-de-fotografia-profesional-familiar-deportiva-ninos\/\" data-tag=\"l\" data-target=\"_self\" data-seoz=\"front\" data-anim=\"ms:2000;e:slidingoverlay;\" data-in=\"x:(100%);\">\n\t\t\t\t\t\t\t<img decoding=\"async\" src=\"\/\/frederiquehorn.com\/wp-content\/plugins\/revslider\/public\/assets\/assets\/dummy.png\" alt=\"\" title=\"Home classic corporate\" class=\"rev-slidebg tp-rs-img rs-lazyload\" data-lazyload=\"\/\/frederiquehorn.com\/wp-content\/uploads\/2019\/03\/lifestyle.jpg\" data-no-retina>\n<!--\n\t\t\t\t\t\t\t--><rs-layer\n\t\t\t\t\t\t\t\tid=\"slider-13-slide-89-layer-1\" \n\t\t\t\t\t\t\t\tclass=\"rs-selectable\"\n\t\t\t\t\t\t\t\tdata-type=\"text\"\n\t\t\t\t\t\t\t\tdata-color=\"rgba(255, 255, 255, 1)\"\n\t\t\t\t\t\t\t\tdata-rsp_ch=\"on\"\n\t\t\t\t\t\t\t\tdata-xy=\"x:c;xo:1px;y:c;yo:-1px;\"\n\t\t\t\t\t\t\t\tdata-text=\"s:42;l:54;fw:300;a:inherit;\"\n\t\t\t\t\t\t\t\tdata-frame_0=\"tp:600;\"\n\t\t\t\t\t\t\t\tdata-frame_1=\"tp:600;st:0;\"\n\t\t\t\t\t\t\t\tdata-frame_999=\"o:0;tp:600;st:w;sR:8700;\"\n\t\t\t\t\t\t\t\tstyle=\"z-index:5;font-family:'Lato';text-transform:uppercase;letter-spacing:45px;\"\n\t\t\t\t\t\t\t>estilo de vida \n\t\t\t\t\t\t\t<\/rs-layer><!--\n-->\t\t\t\t\t\t<\/rs-slide>\n\t\t\t\t\t\t<rs-slide style=\"position: absolute;\" data-key=\"rs-88\" data-title=\"Slide\" data-thumb=\"\/\/frederiquehorn.com\/wp-content\/uploads\/2019\/03\/automocion-100x50.jpg\" data-link=\"\/\/frederiquehorn.com\/es\/fotografo-profesional-coches\/\" data-tag=\"l\" data-target=\"_self\" data-seoz=\"front\" data-anim=\"ms:2000;e:slidingoverlay;\" data-in=\"x:(100%);\">\n\t\t\t\t\t\t\t<img decoding=\"async\" src=\"\/\/frederiquehorn.com\/wp-content\/plugins\/revslider\/public\/assets\/assets\/dummy.png\" alt=\"\" title=\"Home classic corporate\" class=\"rev-slidebg tp-rs-img rs-lazyload\" data-lazyload=\"\/\/frederiquehorn.com\/wp-content\/uploads\/2019\/03\/automocion.jpg\" data-no-retina>\n<!--\n\t\t\t\t\t\t\t--><rs-layer\n\t\t\t\t\t\t\t\tid=\"slider-13-slide-88-layer-1\" \n\t\t\t\t\t\t\t\tclass=\"rs-selectable\"\n\t\t\t\t\t\t\t\tdata-type=\"text\"\n\t\t\t\t\t\t\t\tdata-color=\"rgba(255, 255, 255, 1)\"\n\t\t\t\t\t\t\t\tdata-rsp_ch=\"on\"\n\t\t\t\t\t\t\t\tdata-xy=\"x:c;xo:3px;y:c;\"\n\t\t\t\t\t\t\t\tdata-text=\"s:42;l:54;fw:300;a:inherit;\"\n\t\t\t\t\t\t\t\tdata-frame_0=\"tp:600;\"\n\t\t\t\t\t\t\t\tdata-frame_1=\"tp:600;st:0;\"\n\t\t\t\t\t\t\t\tdata-frame_999=\"o:0;tp:600;st:w;sR:8700;\"\n\t\t\t\t\t\t\t\tstyle=\"z-index:5;font-family:'Lato';text-transform:uppercase;letter-spacing:45px;\"\n\t\t\t\t\t\t\t>autom\u00f3vil \n\t\t\t\t\t\t\t<\/rs-layer><!--\n-->\t\t\t\t\t\t<\/rs-slide>\n\t\t\t\t\t\t<rs-slide style=\"position: absolute;\" data-key=\"rs-95\" data-title=\"Slide\" data-thumb=\"\/\/frederiquehorn.com\/wp-content\/uploads\/2019\/03\/naturaleza-100x50.jpg\" data-link=\"\/\/frederiquehorn.com\/es\/fotografia-de-paisajes\/\" data-tag=\"l\" data-target=\"_self\" data-seoz=\"front\" data-anim=\"ms:2000;e:slidingoverlay;\" data-in=\"x:(100%);\">\n\t\t\t\t\t\t\t<img decoding=\"async\" src=\"\/\/frederiquehorn.com\/wp-content\/plugins\/revslider\/public\/assets\/assets\/dummy.png\" alt=\"\" title=\"Home classic corporate\" class=\"rev-slidebg tp-rs-img rs-lazyload\" data-lazyload=\"\/\/frederiquehorn.com\/wp-content\/uploads\/2019\/03\/naturaleza.jpg\" data-no-retina>\n<!--\n\t\t\t\t\t\t\t--><rs-layer\n\t\t\t\t\t\t\t\tid=\"slider-13-slide-95-layer-1\" \n\t\t\t\t\t\t\t\tclass=\"rs-selectable\"\n\t\t\t\t\t\t\t\tdata-type=\"text\"\n\t\t\t\t\t\t\t\tdata-color=\"rgba(255, 255, 255, 1)\"\n\t\t\t\t\t\t\t\tdata-rsp_ch=\"on\"\n\t\t\t\t\t\t\t\tdata-xy=\"x:c;xo:-3px;y:c;yo:2px;\"\n\t\t\t\t\t\t\t\tdata-text=\"s:42;l:54;fw:300;a:inherit;\"\n\t\t\t\t\t\t\t\tdata-frame_0=\"tp:600;\"\n\t\t\t\t\t\t\t\tdata-frame_1=\"tp:600;st:0;\"\n\t\t\t\t\t\t\t\tdata-frame_999=\"o:0;tp:600;st:w;sR:8700;\"\n\t\t\t\t\t\t\t\tstyle=\"z-index:5;font-family:'Lato';text-transform:uppercase;letter-spacing:45px;\"\n\t\t\t\t\t\t\t>paisajes \n\t\t\t\t\t\t\t<\/rs-layer><!--\n-->\t\t\t\t\t\t<\/rs-slide>\n\t\t\t\t\t\t<rs-slide style=\"position: absolute;\" data-key=\"rs-92\" data-title=\"Slide\" data-thumb=\"\/\/frederiquehorn.com\/wp-content\/uploads\/2019\/03\/artphoto-100x50.jpg\" data-link=\"\/\/frederiquehorn.com\/es\/fotografia-artistica-publicitaria-creativa\/\" data-tag=\"l\" data-target=\"_self\" data-seoz=\"front\" data-anim=\"ms:2000;e:slidingoverlay;\" data-in=\"x:(100%);\">\n\t\t\t\t\t\t\t<img decoding=\"async\" src=\"\/\/frederiquehorn.com\/wp-content\/plugins\/revslider\/public\/assets\/assets\/dummy.png\" alt=\"\" title=\"Home classic corporate\" class=\"rev-slidebg tp-rs-img rs-lazyload\" data-lazyload=\"\/\/frederiquehorn.com\/wp-content\/uploads\/2019\/03\/artphoto.jpg\" data-no-retina>\n<!--\n\t\t\t\t\t\t\t--><rs-layer\n\t\t\t\t\t\t\t\tid=\"slider-13-slide-92-layer-1\" \n\t\t\t\t\t\t\t\tclass=\"rs-selectable\"\n\t\t\t\t\t\t\t\tdata-type=\"text\"\n\t\t\t\t\t\t\t\tdata-color=\"rgba(255, 255, 255, 1)\"\n\t\t\t\t\t\t\t\tdata-rsp_ch=\"on\"\n\t\t\t\t\t\t\t\tdata-xy=\"x:c;xo:-1px;y:c;yo:1px;\"\n\t\t\t\t\t\t\t\tdata-text=\"s:42;l:54;fw:300;a:inherit;\"\n\t\t\t\t\t\t\t\tdata-frame_0=\"tp:600;\"\n\t\t\t\t\t\t\t\tdata-frame_1=\"tp:600;st:0;\"\n\t\t\t\t\t\t\t\tdata-frame_999=\"o:0;tp:600;st:w;sR:8700;\"\n\t\t\t\t\t\t\t\tstyle=\"z-index:5;font-family:'Lato';text-transform:uppercase;letter-spacing:45px;\"\n\t\t\t\t\t\t\t>photoart \n\t\t\t\t\t\t\t<\/rs-layer><!--\n-->\t\t\t\t\t\t<\/rs-slide>\n\t\t\t\t\t<\/rs-slides>\n\t\t\t\t<\/rs-module>\n\t\t\t\t<script>\n\t\t\t\t\tsetREVStartSize({c: 'rev_slider_13_1',rl:[1240,1024,778,480],el:[],gw:[1240],gh:[868],type:'standard',justify:'',layout:'fullwidth',mh:\"0\"});if (window.RS_MODULES!==undefined && window.RS_MODULES.modules!==undefined && window.RS_MODULES.modules[\"revslider131\"]!==undefined) {window.RS_MODULES.modules[\"revslider131\"].once = false;window.revapi13 = undefined;if (window.RS_MODULES.checkMinimal!==undefined) window.RS_MODULES.checkMinimal()}\n\t\t\t\t<\/script>\n\t\t\t<\/rs-module-wrap>\n\t\t\t<!-- END REVOLUTION SLIDER -->\n<\/div><\/div><\/div><\/section><div class=\"vc_row-full-width vc_clearfix\"><\/div><section data-vc-full-width=\"true\" data-vc-full-width-init=\"false\" class=\"vc_row wpb_row vc_row-fluid  vc_custom_1558427071773 vc_row-has-fill pofo-stretch-content pofo-stretch-row-container\"><div class=\"wpb_column vc_column_container vc_col-sm-12  col-xs-mobile-fullwidth\"><div class=\"vc_column-inner \"><div class=\"wpb_wrapper\"><div class=\"last-paragraph-no-margin\"><h4>Frederique Hornbostel Photograph<\/h4>\n<\/div><div class=\"last-paragraph-no-margin\" style=\"color: #d1d1d1;\"><p class=\"p1\"><span class=\"s1\">Fotografo ubicada en la costa del sol, Malaga. <\/span><span class=\"s1\">M\u00e1s de 20 a\u00f1os de experiencia en el sector,\u00a0<\/span><span class=\"s1\">con un amplio equipo de fotograf\u00eda e iluminaci\u00f3n, <\/span><span class=\"s1\">preparada para desplazarse a cualquier proyecto.<\/span><\/p>\n<p class=\"p1\"><span class=\"s1\">Su total dominio del espa\u00f1ol ingles y franc\u00e9s\u00a0<\/span><span class=\"s1\">facilitan la diversidad de clientela de diferentes nacionalidades.<\/span><\/p>\n<p class=\"p1\"><span class=\"s1\">Siempre con un constante reciclaje en los diferentes estilos fotogr\u00e1ficos que desempe\u00f1a.<\/span><\/p>\n<p class=\"p1\"><span class=\"s1\">La fotograf\u00eda profesional al alcance de peque\u00f1as y grandes empresas, con presupuestos para <\/span><span class=\"s1\">reportajes fotogr\u00e1ficos aplicados a medida de cada empresa. \u00a0 <\/span><\/p>\n<\/div><\/div><\/div><\/div><\/section><div class=\"vc_row-full-width vc_clearfix\"><\/div>\n<\/section>","protected":false},"excerpt":{"rendered":"RETRATOS INMOBILIARIA eventOs deco MODA Gastronom\u00eda estilo de vida autom\u00f3vil paisajes photoart Frederique Hornbostel Photograph Fotografo ubicada en la costa del sol, Malaga. M\u00e1s de 20 a\u00f1os de experiencia en el sector,\u00a0con un amplio equipo de fotograf\u00eda e iluminaci\u00f3n, preparada para desplazarse a cualquier proyecto. Su total dominio del espa\u00f1ol ingles y franc\u00e9s\u00a0facilitan la diversidad de clientela de diferentes nacionalidades. Siempre con un constante reciclaje en los diferentes estilos fotogr\u00e1ficos que desempe\u00f1a. La fotograf\u00eda profesional al alcance de peque\u00f1as y grandes empresas, con presupuestos para reportajes fotogr\u00e1ficos aplicados a medida de cada empresa. \u00a0","protected":false},"author":1,"featured_media":0,"parent":0,"menu_order":0,"comment_status":"closed","ping_status":"closed","template":"","meta":{"footnotes":""},"yoast_head":"<!-- This site is optimized with the Yoast SEO plugin v23.5 - https:\/\/yoast.com\/wordpress\/plugins\/seo\/ -->\n<title>Fot\u00f3grafo ubicada en la Costa del Sol. Reportaje fotografico a medida<\/title>\n<meta name=\"description\" content=\"Fotograf\u00eda profesional en M\u00e1laga al alcance de peque\u00f1as y grandes empresas, con presupuestos adaptados a las necesidades de cada empresa\" \/>\n<meta name=\"robots\" content=\"index, follow, max-snippet:-1, max-image-preview:large, max-video-preview:-1\" \/>\n<link rel=\"canonical\" href=\"https:\/\/frederiquehorn.com\/es\/\" \/>\n<meta property=\"og:locale\" content=\"es_ES\" \/>\n<meta property=\"og:type\" content=\"article\" \/>\n<meta property=\"og:title\" content=\"Fot\u00f3grafo ubicada en la Costa del Sol. Reportaje fotografico a medida\" \/>\n<meta property=\"og:description\" content=\"Fotograf\u00eda profesional en M\u00e1laga al alcance de peque\u00f1as y grandes empresas, con presupuestos adaptados a las necesidades de cada empresa\" \/>\n<meta property=\"og:url\" content=\"https:\/\/frederiquehorn.com\/es\/\" \/>\n<meta property=\"og:site_name\" content=\"Frederique Hornbostel Fotograf\u00eda\" \/>\n<meta property=\"article:modified_time\" content=\"2022-10-11T11:21:54+00:00\" \/>\n<meta name=\"twitter:card\" content=\"summary_large_image\" \/>\n<meta name=\"twitter:label1\" content=\"Tiempo de lectura\" \/>\n\t<meta name=\"twitter:data1\" content=\"1 minuto\" \/>\n<script type=\"application\/ld+json\" class=\"yoast-schema-graph\">{\"@context\":\"https:\/\/schema.org\",\"@graph\":[{\"@type\":\"WebPage\",\"@id\":\"https:\/\/frederiquehorn.com\/es\/\",\"url\":\"https:\/\/frederiquehorn.com\/es\/\",\"name\":\"Fot\u00f3grafo ubicada en la Costa del Sol. Reportaje fotografico a medida\",\"isPartOf\":{\"@id\":\"https:\/\/frederiquehorn.com\/#website\"},\"datePublished\":\"2017-06-29T05:27:44+00:00\",\"dateModified\":\"2022-10-11T11:21:54+00:00\",\"description\":\"Fotograf\u00eda profesional en M\u00e1laga al alcance de peque\u00f1as y grandes empresas, con presupuestos adaptados a las necesidades de cada empresa\",\"breadcrumb\":{\"@id\":\"https:\/\/frederiquehorn.com\/es\/#breadcrumb\"},\"inLanguage\":\"es\",\"potentialAction\":[{\"@type\":\"ReadAction\",\"target\":[\"https:\/\/frederiquehorn.com\/es\/\"]}]},{\"@type\":\"BreadcrumbList\",\"@id\":\"https:\/\/frederiquehorn.com\/es\/#breadcrumb\",\"itemListElement\":[{\"@type\":\"ListItem\",\"position\":1,\"name\":\"Portada\",\"item\":\"https:\/\/frederiquehorn.com\/es\/\"},{\"@type\":\"ListItem\",\"position\":2,\"name\":\"Home classic corporate\"}]},{\"@type\":\"WebSite\",\"@id\":\"https:\/\/frederiquehorn.com\/#website\",\"url\":\"https:\/\/frederiquehorn.com\/\",\"name\":\"Frederique Hornbostel Fotograf\u00eda\",\"description\":\"Fotografia de eventos\",\"potentialAction\":[{\"@type\":\"SearchAction\",\"target\":{\"@type\":\"EntryPoint\",\"urlTemplate\":\"https:\/\/frederiquehorn.com\/?s={search_term_string}\"},\"query-input\":{\"@type\":\"PropertyValueSpecification\",\"valueRequired\":true,\"valueName\":\"search_term_string\"}}],\"inLanguage\":\"es\"}]}<\/script>\n<!-- \/ Yoast SEO plugin. -->","yoast_head_json":{"title":"Fot\u00f3grafo ubicada en la Costa del Sol. Reportaje fotografico a medida","description":"Fotograf\u00eda profesional en M\u00e1laga al alcance de peque\u00f1as y grandes empresas, con presupuestos adaptados a las necesidades de cada empresa","robots":{"index":"index","follow":"follow","max-snippet":"max-snippet:-1","max-image-preview":"max-image-preview:large","max-video-preview":"max-video-preview:-1"},"canonical":"https:\/\/frederiquehorn.com\/es\/","og_locale":"es_ES","og_type":"article","og_title":"Fot\u00f3grafo ubicada en la Costa del Sol. Reportaje fotografico a medida","og_description":"Fotograf\u00eda profesional en M\u00e1laga al alcance de peque\u00f1as y grandes empresas, con presupuestos adaptados a las necesidades de cada empresa","og_url":"https:\/\/frederiquehorn.com\/es\/","og_site_name":"Frederique Hornbostel Fotograf\u00eda","article_modified_time":"2022-10-11T11:21:54+00:00","twitter_card":"summary_large_image","twitter_misc":{"Tiempo de lectura":"1 minuto"},"schema":{"@context":"https:\/\/schema.org","@graph":[{"@type":"WebPage","@id":"https:\/\/frederiquehorn.com\/es\/","url":"https:\/\/frederiquehorn.com\/es\/","name":"Fot\u00f3grafo ubicada en la Costa del Sol. Reportaje fotografico a medida","isPartOf":{"@id":"https:\/\/frederiquehorn.com\/#website"},"datePublished":"2017-06-29T05:27:44+00:00","dateModified":"2022-10-11T11:21:54+00:00","description":"Fotograf\u00eda profesional en M\u00e1laga al alcance de peque\u00f1as y grandes empresas, con presupuestos adaptados a las necesidades de cada empresa","breadcrumb":{"@id":"https:\/\/frederiquehorn.com\/es\/#breadcrumb"},"inLanguage":"es","potentialAction":[{"@type":"ReadAction","target":["https:\/\/frederiquehorn.com\/es\/"]}]},{"@type":"BreadcrumbList","@id":"https:\/\/frederiquehorn.com\/es\/#breadcrumb","itemListElement":[{"@type":"ListItem","position":1,"name":"Portada","item":"https:\/\/frederiquehorn.com\/es\/"},{"@type":"ListItem","position":2,"name":"Home classic corporate"}]},{"@type":"WebSite","@id":"https:\/\/frederiquehorn.com\/#website","url":"https:\/\/frederiquehorn.com\/","name":"Frederique Hornbostel Fotograf\u00eda","description":"Fotografia de eventos","potentialAction":[{"@type":"SearchAction","target":{"@type":"EntryPoint","urlTemplate":"https:\/\/frederiquehorn.com\/?s={search_term_string}"},"query-input":{"@type":"PropertyValueSpecification","valueRequired":true,"valueName":"search_term_string"}}],"inLanguage":"es"}]}},"_links":{"self":[{"href":"https:\/\/frederiquehorn.com\/es\/wp-json\/wp\/v2\/pages\/2506"}],"collection":[{"href":"https:\/\/frederiquehorn.com\/es\/wp-json\/wp\/v2\/pages"}],"about":[{"href":"https:\/\/frederiquehorn.com\/es\/wp-json\/wp\/v2\/types\/page"}],"author":[{"embeddable":true,"href":"https:\/\/frederiquehorn.com\/es\/wp-json\/wp\/v2\/users\/1"}],"replies":[{"embeddable":true,"href":"https:\/\/frederiquehorn.com\/es\/wp-json\/wp\/v2\/comments?post=2506"}],"version-history":[{"count":14,"href":"https:\/\/frederiquehorn.com\/es\/wp-json\/wp\/v2\/pages\/2506\/revisions"}],"predecessor-version":[{"id":23046,"href":"https:\/\/frederiquehorn.com\/es\/wp-json\/wp\/v2\/pages\/2506\/revisions\/23046"}],"wp:attachment":[{"href":"https:\/\/frederiquehorn.com\/es\/wp-json\/wp\/v2\/media?parent=2506"}],"curies":[{"name":"wp","href":"https:\/\/api.w.org\/{rel}","templated":true}]}}