{"id":22643,"date":"2019-04-09T07:31:29","date_gmt":"2019-04-09T07:31:29","guid":{"rendered":"http:\/\/frederiquehorn.com\/?page_id=22643\/"},"modified":"2021-09-15T15:13:55","modified_gmt":"2021-09-15T15:13:55","slug":"testimonials-2","status":"publish","type":"page","link":"https:\/\/frederiquehorn.com\/es\/testimonials-2\/","title":{"rendered":"testimonials"},"content":{"rendered":"<section class=\"wpb-content-wrapper\"><section class=\"vc_row wpb_row vc_row-fluid\"><div class=\"wpb_column vc_column_container vc_col-sm-12  col-xs-mobile-fullwidth\"><div class=\"vc_column-inner \"><div class=\"wpb_wrapper\"><div class=\"vc_row wpb_row vc_inner vc_row-fluid\"><div class=\"wpb_column vc_column_container vc_col-sm-6  col-xs-mobile-fullwidth\"><div class=\"vc_column-inner \"><div class=\"wpb_wrapper\">[vc_single_image image=\u00bb21460&#8243; img_size=\u00bbfull\u00bb css_animation=\u00bbnone\u00bb][vc_empty_space height=\u00bb20px\u00bb]<div class=\"last-paragraph-no-margin\"><p class=\"p1\"><span class=\"s1\"><strong>Esther Arroyo<\/strong><br \/>\nActriz, modelo y presentadora<\/span><\/p>\n<\/div><\/div><\/div><\/div><div class=\"wpb_column vc_column_container vc_col-sm-6  col-xs-mobile-fullwidth\"><div class=\"vc_column-inner \"><div class=\"wpb_wrapper\"><div class=\"last-paragraph-no-margin\"><p class=\"p1\"><span class=\"s1\">Esta maravilla de foto me la hiciste en un momento t\u00edmido ya que renac\u00eda la vuelta al trabajo despu\u00e9s de mi accidente y ocho a\u00f1os fuera de la profesi\u00f3n.\u00a0<\/span><\/p>\n<p class=\"p1\"><span class=\"s1\">Supiste captar bonito el exterior y captar mi interior.<\/span><\/p>\n<p class=\"p1\"><span class=\"s1\">Maravillosa fotografa.<\/span><\/p>\n<p class=\"p1\"><span class=\"s1\">La \u00fanica pena que eres tan guapa que el objetivo se pierde lo mejor.<\/span><\/p>\n<p class=\"p1\"><span class=\"s1\">Gracias.<\/span><\/p>\n<\/div><\/div><\/div><\/div><\/div>[vc_empty_space height=\u00bb40px\u00bb][vc_separator color=\u00bbcustom\u00bb accent_color=\u00bb#474747&#8243;]<\/div><\/div><\/div><\/section><section class=\"vc_row wpb_row vc_row-fluid\"><div class=\"wpb_column vc_column_container vc_col-sm-12  col-xs-mobile-fullwidth\"><div class=\"vc_column-inner \"><div class=\"wpb_wrapper\"><div class=\"vc_row wpb_row vc_inner vc_row-fluid\"><div class=\"wpb_column vc_column_container vc_col-sm-6  col-xs-mobile-fullwidth\"><div class=\"vc_column-inner \"><div class=\"wpb_wrapper\">[vc_single_image image=\u00bb22248&#8243; img_size=\u00bbfull\u00bb css_animation=\u00bbnone\u00bb][vc_empty_space height=\u00bb20px\u00bb]<div class=\"last-paragraph-no-margin\"><p class=\"p1\"><span class=\"s1\"><strong> Lenore MCcarron<\/strong><br \/>\nMarketing Director Higueron West<\/span><\/p>\n<\/div><\/div><\/div><\/div><div class=\"wpb_column vc_column_container vc_col-sm-6  col-xs-mobile-fullwidth\"><div class=\"vc_column-inner \"><div class=\"wpb_wrapper\"><div class=\"last-paragraph-no-margin\"><p class=\"p1\"><span class=\"s1\">Creativity and passion is at the core of everything Frederique does. \u00a0She understands our business needs and provides us with an instant service, no matter how short the notice. \u00a0She has an exquisite eye for detail and that transpires in the simplicity and originality of all her work. \u00a0<\/span><\/p>\n<\/div><\/div><\/div><\/div><\/div>[vc_empty_space height=\u00bb40px\u00bb][vc_separator color=\u00bbcustom\u00bb accent_color=\u00bb#474747&#8243;]<\/div><\/div><\/div><\/section><section class=\"vc_row wpb_row vc_row-fluid\"><div class=\"wpb_column vc_column_container vc_col-sm-12  col-xs-mobile-fullwidth\"><div class=\"vc_column-inner \"><div class=\"wpb_wrapper\"><div class=\"vc_row wpb_row vc_inner vc_row-fluid\"><div class=\"wpb_column vc_column_container vc_col-sm-6  col-xs-mobile-fullwidth\"><div class=\"vc_column-inner \"><div class=\"wpb_wrapper\">[vc_single_image image=\u00bb22109&#8243; img_size=\u00bbfull\u00bb css_animation=\u00bbfadeIn\u00bb][vc_empty_space height=\u00bb20px\u00bb]<div class=\"last-paragraph-no-margin\"><p class=\"p1\"><span class=\"s1\"><strong>Jesica Reyes<\/strong><br \/>\nSport Trainer<\/span><\/p>\n<\/div><\/div><\/div><\/div><div class=\"wpb_column vc_column_container vc_col-sm-6  col-xs-mobile-fullwidth\"><div class=\"vc_column-inner \"><div class=\"wpb_wrapper\"><div class=\"last-paragraph-no-margin\"><p class=\"p1\"><span class=\"s1\">Cuanto talento tienes, gracias por el buen trabajo!<\/span><\/p>\n<\/div><\/div><\/div><\/div><\/div>[vc_empty_space height=\u00bb40px\u00bb][vc_separator color=\u00bbcustom\u00bb accent_color=\u00bb#474747&#8243;]<\/div><\/div><\/div><\/section><section class=\"vc_row wpb_row vc_row-fluid\"><div class=\"wpb_column vc_column_container vc_col-sm-12  col-xs-mobile-fullwidth\"><div class=\"vc_column-inner \"><div class=\"wpb_wrapper\"><div class=\"vc_row wpb_row vc_inner vc_row-fluid\"><div class=\"wpb_column vc_column_container vc_col-sm-6  col-xs-mobile-fullwidth\"><div class=\"vc_column-inner \"><div class=\"wpb_wrapper\">[vc_single_image image=\u00bb21489&#8243; img_size=\u00bbfull\u00bb css_animation=\u00bbfadeIn\u00bb][vc_empty_space height=\u00bb20px\u00bb]<div class=\"last-paragraph-no-margin\"><p class=\"p1\"><span class=\"s1\"><strong>Nuria Jimenez Yanguas<\/strong><br \/>\nRetratos de familia.<\/span><\/p>\n<\/div><\/div><\/div><\/div><div class=\"wpb_column vc_column_container vc_col-sm-6  col-xs-mobile-fullwidth\"><div class=\"vc_column-inner \"><div class=\"wpb_wrapper\"><div class=\"last-paragraph-no-margin\"><p class=\"p1\"><span class=\"s1\">Que suerte tenerte como fotografa.<br \/>\n<\/span><span class=\"s1\">Gracias, nos encant\u00f3!<\/span><\/p>\n<\/div><\/div><\/div><\/div><\/div><\/div><\/div><\/div><\/section>\n<\/section>","protected":false},"excerpt":{"rendered":"[vc_single_image image=\"21460\" img_size=\"full\" css_animation=\"none\"][vc_empty_space height=\"20px\"]Esther Arroyo Actriz, modelo y presentadora Esta maravilla de foto me la hiciste en un momento t\u00edmido ya que renac\u00eda la vuelta al trabajo despu\u00e9s de mi accidente y ocho a\u00f1os fuera de la profesi\u00f3n.\u00a0 Supiste captar bonito el exterior y captar mi interior. Maravillosa fotografa. La \u00fanica pena que eres tan guapa que el objetivo se pierde lo mejor. Gracias. [vc_empty_space height=\"40px\"][vc_separator color=\"custom\" accent_color=\"#474747\"][vc_single_image image=\"22248\" img_size=\"full\" css_animation=\"none\"][vc_empty_space height=\"20px\"] Lenore MCcarron Marketing Director Higueron West Creativity and passion is at the core of everything Frederique does. \u00a0She understands our business needs and provides us with an instant service, no matter how short the notice. \u00a0She has an exquisite eye for detail and that transpires in the simplicity and originality of all her work. \u00a0 [vc_empty_space height=\"40px\"][vc_separator color=\"custom\" accent_color=\"#474747\"][vc_single_image image=\"22109\" img_size=\"full\" css_animation=\"fadeIn\"][vc_empty_space height=\"20px\"]Jesica Reyes Sport Trainer Cuanto talento tienes, gracias por el buen trabajo! [vc_empty_space height=\"40px\"][vc_separator color=\"custom\" accent_color=\"#474747\"][vc_single_image image=\"21489\" img_size=\"full\" css_animation=\"fadeIn\"][vc_empty_space height=\"20px\"]Nuria Jimenez Yanguas Retratos de familia. Que suerte tenerte como fotografa. Gracias, nos encant\u00f3!","protected":false},"author":1,"featured_media":0,"parent":0,"menu_order":0,"comment_status":"closed","ping_status":"closed","template":"","meta":{"footnotes":""},"yoast_head":"<!-- This site is optimized with the Yoast SEO plugin v23.5 - https:\/\/yoast.com\/wordpress\/plugins\/seo\/ -->\n<title>testimonials - Frederique Hornbostel Fotograf\u00eda<\/title>\n<meta name=\"robots\" content=\"index, follow, max-snippet:-1, max-image-preview:large, max-video-preview:-1\" \/>\n<link rel=\"canonical\" href=\"https:\/\/frederiquehorn.com\/es\/testimonials-2\/\" \/>\n<meta property=\"og:locale\" content=\"es_ES\" \/>\n<meta property=\"og:type\" content=\"article\" \/>\n<meta property=\"og:title\" content=\"testimonials - Frederique Hornbostel Fotograf\u00eda\" \/>\n<meta property=\"og:url\" content=\"https:\/\/frederiquehorn.com\/es\/testimonials-2\/\" \/>\n<meta property=\"og:site_name\" content=\"Frederique Hornbostel Fotograf\u00eda\" \/>\n<meta property=\"article:modified_time\" content=\"2021-09-15T15:13:55+00:00\" \/>\n<meta name=\"twitter:card\" content=\"summary_large_image\" \/>\n<meta name=\"twitter:label1\" content=\"Tiempo de lectura\" \/>\n\t<meta name=\"twitter:data1\" content=\"2 minutos\" \/>\n<script type=\"application\/ld+json\" class=\"yoast-schema-graph\">{\"@context\":\"https:\/\/schema.org\",\"@graph\":[{\"@type\":\"WebPage\",\"@id\":\"https:\/\/frederiquehorn.com\/es\/testimonials-2\/\",\"url\":\"https:\/\/frederiquehorn.com\/es\/testimonials-2\/\",\"name\":\"testimonials - Frederique Hornbostel Fotograf\u00eda\",\"isPartOf\":{\"@id\":\"https:\/\/frederiquehorn.com\/#website\"},\"datePublished\":\"2019-04-09T07:31:29+00:00\",\"dateModified\":\"2021-09-15T15:13:55+00:00\",\"breadcrumb\":{\"@id\":\"https:\/\/frederiquehorn.com\/es\/testimonials-2\/#breadcrumb\"},\"inLanguage\":\"es\",\"potentialAction\":[{\"@type\":\"ReadAction\",\"target\":[\"https:\/\/frederiquehorn.com\/es\/testimonials-2\/\"]}]},{\"@type\":\"BreadcrumbList\",\"@id\":\"https:\/\/frederiquehorn.com\/es\/testimonials-2\/#breadcrumb\",\"itemListElement\":[{\"@type\":\"ListItem\",\"position\":1,\"name\":\"Portada\",\"item\":\"https:\/\/frederiquehorn.com\/es\/\"},{\"@type\":\"ListItem\",\"position\":2,\"name\":\"testimonials\"}]},{\"@type\":\"WebSite\",\"@id\":\"https:\/\/frederiquehorn.com\/#website\",\"url\":\"https:\/\/frederiquehorn.com\/\",\"name\":\"Frederique Hornbostel Fotograf\u00eda\",\"description\":\"Fotografia de eventos\",\"potentialAction\":[{\"@type\":\"SearchAction\",\"target\":{\"@type\":\"EntryPoint\",\"urlTemplate\":\"https:\/\/frederiquehorn.com\/?s={search_term_string}\"},\"query-input\":{\"@type\":\"PropertyValueSpecification\",\"valueRequired\":true,\"valueName\":\"search_term_string\"}}],\"inLanguage\":\"es\"}]}<\/script>\n<!-- \/ Yoast SEO plugin. -->","yoast_head_json":{"title":"testimonials - Frederique Hornbostel Fotograf\u00eda","robots":{"index":"index","follow":"follow","max-snippet":"max-snippet:-1","max-image-preview":"max-image-preview:large","max-video-preview":"max-video-preview:-1"},"canonical":"https:\/\/frederiquehorn.com\/es\/testimonials-2\/","og_locale":"es_ES","og_type":"article","og_title":"testimonials - Frederique Hornbostel Fotograf\u00eda","og_url":"https:\/\/frederiquehorn.com\/es\/testimonials-2\/","og_site_name":"Frederique Hornbostel Fotograf\u00eda","article_modified_time":"2021-09-15T15:13:55+00:00","twitter_card":"summary_large_image","twitter_misc":{"Tiempo de lectura":"2 minutos"},"schema":{"@context":"https:\/\/schema.org","@graph":[{"@type":"WebPage","@id":"https:\/\/frederiquehorn.com\/es\/testimonials-2\/","url":"https:\/\/frederiquehorn.com\/es\/testimonials-2\/","name":"testimonials - Frederique Hornbostel Fotograf\u00eda","isPartOf":{"@id":"https:\/\/frederiquehorn.com\/#website"},"datePublished":"2019-04-09T07:31:29+00:00","dateModified":"2021-09-15T15:13:55+00:00","breadcrumb":{"@id":"https:\/\/frederiquehorn.com\/es\/testimonials-2\/#breadcrumb"},"inLanguage":"es","potentialAction":[{"@type":"ReadAction","target":["https:\/\/frederiquehorn.com\/es\/testimonials-2\/"]}]},{"@type":"BreadcrumbList","@id":"https:\/\/frederiquehorn.com\/es\/testimonials-2\/#breadcrumb","itemListElement":[{"@type":"ListItem","position":1,"name":"Portada","item":"https:\/\/frederiquehorn.com\/es\/"},{"@type":"ListItem","position":2,"name":"testimonials"}]},{"@type":"WebSite","@id":"https:\/\/frederiquehorn.com\/#website","url":"https:\/\/frederiquehorn.com\/","name":"Frederique Hornbostel Fotograf\u00eda","description":"Fotografia de eventos","potentialAction":[{"@type":"SearchAction","target":{"@type":"EntryPoint","urlTemplate":"https:\/\/frederiquehorn.com\/?s={search_term_string}"},"query-input":{"@type":"PropertyValueSpecification","valueRequired":true,"valueName":"search_term_string"}}],"inLanguage":"es"}]}},"_links":{"self":[{"href":"https:\/\/frederiquehorn.com\/es\/wp-json\/wp\/v2\/pages\/22643"}],"collection":[{"href":"https:\/\/frederiquehorn.com\/es\/wp-json\/wp\/v2\/pages"}],"about":[{"href":"https:\/\/frederiquehorn.com\/es\/wp-json\/wp\/v2\/types\/page"}],"author":[{"embeddable":true,"href":"https:\/\/frederiquehorn.com\/es\/wp-json\/wp\/v2\/users\/1"}],"replies":[{"embeddable":true,"href":"https:\/\/frederiquehorn.com\/es\/wp-json\/wp\/v2\/comments?post=22643"}],"version-history":[{"count":24,"href":"https:\/\/frederiquehorn.com\/es\/wp-json\/wp\/v2\/pages\/22643\/revisions"}],"predecessor-version":[{"id":23179,"href":"https:\/\/frederiquehorn.com\/es\/wp-json\/wp\/v2\/pages\/22643\/revisions\/23179"}],"wp:attachment":[{"href":"https:\/\/frederiquehorn.com\/es\/wp-json\/wp\/v2\/media?parent=22643"}],"curies":[{"name":"wp","href":"https:\/\/api.w.org\/{rel}","templated":true}]}}