{"id":22615,"date":"2019-04-08T17:59:37","date_gmt":"2019-04-08T17:59:37","guid":{"rendered":"http:\/\/frederiquehorn.com\/?page_id=22615\/"},"modified":"2019-05-27T14:59:27","modified_gmt":"2019-05-27T14:59:27","slug":"estudio-fotografico-malaga","status":"publish","type":"page","link":"https:\/\/frederiquehorn.com\/es\/estudio-fotografico-malaga\/","title":{"rendered":"contacto"},"content":{"rendered":"<section class=\"wpb-content-wrapper\"><section data-vc-full-width=\"true\" data-vc-full-width-init=\"false\" data-vc-stretch-content=\"true\" class=\"vc_row wpb_row vc_row-fluid   pofo-stretch-content vc_row-no-padding\"><div class=\"wpb_column vc_column_container vc_col-sm-6  col-xs-mobile-fullwidth\"><div class=\"vc_column-inner \"><div class=\"wpb_wrapper\">[vc_single_image image=\u00bb120&#8243; img_size=\u00bbfull\u00bb]<\/div><\/div><\/div><div class=\"wpb_column vc_column_container vc_col-sm-6  col-xs-mobile-fullwidth\"><div class=\"vc_column-inner vc_custom_1554746426951\"><div class=\"wpb_wrapper\"><div class=\"last-paragraph-no-margin\"><h3 class=\"p1\"><span class=\"s1\">\u00abUne photographie c&#8217;est un arret du coeur d&#8217;une fraction de \u00a0seconde\u00bb&#8230;\u00a0<\/span><\/h3>\n<p class=\"p1\"><span class=\"s1\">La mirada decide el encuadre, la c\u00e1mara se pone a su servicio y la vida se detiene apenas un breve parpadeo para quedar por siempre congelada en una imagen milagrosa que ser\u00e1 testigo de los tiempos.<br \/>\n<\/span>Archivados con detalle quedan nuestros gestos infantiles, los paisajes viajados, los rostros desaparecidos, los momentos memorables&#8230;las celebraciones y los hallazgos..<\/p>\n<p class=\"p1\"><span class=\"s1\">Cuando hay romance entre el fot\u00f3grafo y la c\u00e1mara, la fotograf\u00eda capta \u00a0lo que el fot\u00f3grafo piensa&#8230;el objetivo acata la voluntad \u00edntima del artista y rescata justo aquello que su retina escoge, gener\u00e1ndose una sinergia m\u00e1gica que sublima la realidad. <\/span>Hoy d\u00eda la tecnolog\u00eda ha puesto a nuestro alcance la posibilidad de realizar fotograf\u00edas de excelente calidad desde casi cualquier dispositivo. Es un hecho.<\/p>\n<p class=\"p1\"><span class=\"s1\">Tambi\u00e9n lo es que NADA sustituye la mirada del artista.<\/span><\/p>\n<p class=\"p1\"><span class=\"s1\">La fotograf\u00eda es una decisi\u00f3n que la c\u00e1mara no puede tomar, es el resultado de una sensibilidad \u00fanica e irremplazable. La mirada del autor tiene firma, el fot\u00f3grafo elige de entre todas las realidades posibles, aquella que el instinto le se\u00f1ala. <\/span><span class=\"s1\">Cada autor tiene claramente su propio esp\u00edritu y su obra queda decisivamente impregnada por aquello que lo motiva y lo alimenta.<\/span><\/p>\n<p class=\"p1\"><span class=\"s1\">A Frederique le mueve la luz.<\/span><\/p>\n<p class=\"p1\"><span class=\"s1\">La luz natural protagoniza su biograf\u00eda. Est\u00e1 presente en su obra de la misma manera en que ilumina los paisajes de su infancia. <\/span><span class=\"s1\">Se mueve bajo el sol como pez en el agua. <\/span><span class=\"s1\">Abundan en su galer\u00eda las instant\u00e1neas al aire libre, la naturalidad y la frescura del gesto espont\u00e1neo. <\/span><span class=\"s1\">Hay complicidad con los objetos y las miradas.<\/span><\/p>\n<p class=\"p1\"><span class=\"s1\">Incluso en los trabajos de estudio \u00f3 bajo techo, la vocaci\u00f3n sigue siendo invocar los matices c\u00e1lidos y envolventes del sol. <\/span><span class=\"s1\">Reflejar los colores originales es la pauta, y capturar las expresiones genuinas su vocaci\u00f3n.<\/span><\/p>\n<p class=\"p1\"><span class=\"s1\">Frederique dirige la mirada justo ah\u00ed donde la luz se posa y la hace coincidir con la luz singular del rostro que se asoma a su objetivo.\u00a0<\/span><span class=\"s1\">Surge de ese encuentro un resultado radiante: la belleza sin rastro de artificio.<\/span><\/p>\n<p class=\"p1\"><span class=\"s1\">Andri S\u00f6derstr\u00f6m<\/span><\/p>\n<\/div>[vc_empty_space][vc_empty_space]<div class=\"last-paragraph-no-margin\"><h5>Contacto<\/h5>\n<\/div>\n<div class=\"wpcf7 no-js\" id=\"wpcf7-f22624-o1\" lang=\"en-US\" dir=\"ltr\">\n<div class=\"screen-reader-response\"><p role=\"status\" aria-live=\"polite\" aria-atomic=\"true\"><\/p> <ul><\/ul><\/div>\n<form action=\"\/es\/wp-json\/wp\/v2\/pages\/22615#wpcf7-f22624-o1\" method=\"post\" class=\"wpcf7-form init\" aria-label=\"Contact form\" novalidate=\"novalidate\" data-status=\"init\">\n<div style=\"display: none;\">\n<input type=\"hidden\" name=\"_wpcf7\" value=\"22624\" \/>\n<input type=\"hidden\" name=\"_wpcf7_version\" value=\"5.9.8\" \/>\n<input type=\"hidden\" name=\"_wpcf7_locale\" value=\"en_US\" \/>\n<input type=\"hidden\" name=\"_wpcf7_unit_tag\" value=\"wpcf7-f22624-o1\" \/>\n<input type=\"hidden\" name=\"_wpcf7_container_post\" value=\"0\" \/>\n<input type=\"hidden\" name=\"_wpcf7_posted_data_hash\" value=\"\" \/>\n<\/div>\n<div>\n\t<p><span class=\"wpcf7-form-control-wrap\" data-name=\"contact-name\"><input size=\"40\" maxlength=\"400\" class=\"wpcf7-form-control wpcf7-text wpcf7-validates-as-required input-border-bottom\" aria-required=\"true\" aria-invalid=\"false\" placeholder=\"Nombre*\" value=\"\" type=\"text\" name=\"contact-name\" \/><\/span><br \/>\n<span class=\"wpcf7-form-control-wrap\" data-name=\"contact-email\"><input size=\"40\" maxlength=\"400\" class=\"wpcf7-form-control wpcf7-email wpcf7-validates-as-required wpcf7-text wpcf7-validates-as-email input-border-bottom\" aria-required=\"true\" aria-invalid=\"false\" placeholder=\"E-mail*\" value=\"\" type=\"email\" name=\"contact-email\" \/><\/span><br \/>\n<span class=\"wpcf7-form-control-wrap\" data-name=\"contact-subject\"><input size=\"40\" maxlength=\"400\" class=\"wpcf7-form-control wpcf7-text input-border-bottom\" aria-invalid=\"false\" placeholder=\"Asunto\" value=\"\" type=\"text\" name=\"contact-subject\" \/><\/span><br \/>\n<span class=\"wpcf7-form-control-wrap\" data-name=\"contact-message\"><textarea cols=\"40\" rows=\"3\" maxlength=\"2000\" class=\"wpcf7-form-control wpcf7-textarea xs-margin-20px-bottom input-border-bottom\" aria-invalid=\"false\" placeholder=\"Su mensaje\" name=\"contact-message\"><\/textarea><\/span><br \/>\n<input class=\"wpcf7-form-control wpcf7-submit has-spinner btn btn-small btn-deep-pink\" type=\"submit\" value=\"enviar mensaje\" \/>\n\t<\/p>\n<\/div><div class=\"wpcf7-response-output\" aria-hidden=\"true\"><\/div>\n<\/form>\n<\/div>\n<\/div><\/div><\/div><\/section><div class=\"vc_row-full-width vc_clearfix\"><\/div>\n<\/section>","protected":false},"excerpt":{"rendered":"[vc_single_image image=\"120\" img_size=\"full\"]\"Une photographie c'est un arret du coeur d'une fraction de \u00a0seconde\"...\u00a0 La mirada decide el encuadre, la c\u00e1mara se pone a su servicio y la vida se detiene apenas un breve parpadeo para quedar por siempre congelada en una imagen milagrosa que ser\u00e1 testigo de los tiempos. Archivados con detalle quedan nuestros gestos infantiles, los paisajes viajados, los rostros desaparecidos, los momentos memorables...las celebraciones y los hallazgos.. Cuando hay romance entre el fot\u00f3grafo y la c\u00e1mara, la fotograf\u00eda capta \u00a0lo que el fot\u00f3grafo piensa...el objetivo acata la voluntad \u00edntima del artista y rescata justo aquello que su retina escoge, gener\u00e1ndose una sinergia m\u00e1gica que sublima la realidad. Hoy d\u00eda la tecnolog\u00eda ha puesto a nuestro alcance la posibilidad de realizar fotograf\u00edas de excelente calidad desde casi cualquier dispositivo. Es un hecho. Tambi\u00e9n lo es que NADA sustituye la mirada del artista. La fotograf\u00eda es una decisi\u00f3n que la c\u00e1mara no puede tomar, es el resultado de una sensibilidad \u00fanica e irremplazable. La mirada del autor tiene firma, el fot\u00f3grafo elige de entre todas las realidades posibles, aquella que el instinto le se\u00f1ala. Cada autor tiene claramente su propio esp\u00edritu y su obra queda decisivamente impregnada por aquello que...","protected":false},"author":1,"featured_media":0,"parent":0,"menu_order":0,"comment_status":"closed","ping_status":"closed","template":"","meta":{"footnotes":""},"yoast_head":"<!-- This site is optimized with the Yoast SEO plugin v23.5 - https:\/\/yoast.com\/wordpress\/plugins\/seo\/ -->\n<title>Estudio fotogr\u00e1fico M\u00e1laga. Frederique Hornbostel<\/title>\n<meta name=\"description\" content=\"Profesional con gran experiencia en varios sectores: Moda, arquitectura,bodas, lifestyle, interiorismo, inmobiliaria.\" \/>\n<meta name=\"robots\" content=\"index, follow, max-snippet:-1, max-image-preview:large, max-video-preview:-1\" \/>\n<link rel=\"canonical\" href=\"https:\/\/frederiquehorn.com\/es\/estudio-fotografico-malaga\/\" \/>\n<meta property=\"og:locale\" content=\"es_ES\" \/>\n<meta property=\"og:type\" content=\"article\" \/>\n<meta property=\"og:title\" content=\"Estudio fotogr\u00e1fico M\u00e1laga. Frederique Hornbostel\" \/>\n<meta property=\"og:description\" content=\"Profesional con gran experiencia en varios sectores: Moda, arquitectura,bodas, lifestyle, interiorismo, inmobiliaria.\" \/>\n<meta property=\"og:url\" content=\"https:\/\/frederiquehorn.com\/es\/estudio-fotografico-malaga\/\" \/>\n<meta property=\"og:site_name\" content=\"Frederique Hornbostel Fotograf\u00eda\" \/>\n<meta property=\"article:modified_time\" content=\"2019-05-27T14:59:27+00:00\" \/>\n<meta name=\"twitter:card\" content=\"summary_large_image\" \/>\n<meta name=\"twitter:label1\" content=\"Tiempo de lectura\" \/>\n\t<meta name=\"twitter:data1\" content=\"2 minutos\" \/>\n<script type=\"application\/ld+json\" class=\"yoast-schema-graph\">{\"@context\":\"https:\/\/schema.org\",\"@graph\":[{\"@type\":\"WebPage\",\"@id\":\"https:\/\/frederiquehorn.com\/es\/estudio-fotografico-malaga\/\",\"url\":\"https:\/\/frederiquehorn.com\/es\/estudio-fotografico-malaga\/\",\"name\":\"Estudio fotogr\u00e1fico M\u00e1laga. Frederique Hornbostel\",\"isPartOf\":{\"@id\":\"https:\/\/frederiquehorn.com\/#website\"},\"datePublished\":\"2019-04-08T17:59:37+00:00\",\"dateModified\":\"2019-05-27T14:59:27+00:00\",\"description\":\"Profesional con gran experiencia en varios sectores: Moda, arquitectura,bodas, lifestyle, interiorismo, inmobiliaria.\",\"breadcrumb\":{\"@id\":\"https:\/\/frederiquehorn.com\/es\/estudio-fotografico-malaga\/#breadcrumb\"},\"inLanguage\":\"es\",\"potentialAction\":[{\"@type\":\"ReadAction\",\"target\":[\"https:\/\/frederiquehorn.com\/es\/estudio-fotografico-malaga\/\"]}]},{\"@type\":\"BreadcrumbList\",\"@id\":\"https:\/\/frederiquehorn.com\/es\/estudio-fotografico-malaga\/#breadcrumb\",\"itemListElement\":[{\"@type\":\"ListItem\",\"position\":1,\"name\":\"Portada\",\"item\":\"https:\/\/frederiquehorn.com\/es\/\"},{\"@type\":\"ListItem\",\"position\":2,\"name\":\"contacto\"}]},{\"@type\":\"WebSite\",\"@id\":\"https:\/\/frederiquehorn.com\/#website\",\"url\":\"https:\/\/frederiquehorn.com\/\",\"name\":\"Frederique Hornbostel Fotograf\u00eda\",\"description\":\"Fotografia de eventos\",\"potentialAction\":[{\"@type\":\"SearchAction\",\"target\":{\"@type\":\"EntryPoint\",\"urlTemplate\":\"https:\/\/frederiquehorn.com\/?s={search_term_string}\"},\"query-input\":{\"@type\":\"PropertyValueSpecification\",\"valueRequired\":true,\"valueName\":\"search_term_string\"}}],\"inLanguage\":\"es\"}]}<\/script>\n<!-- \/ Yoast SEO plugin. -->","yoast_head_json":{"title":"Estudio fotogr\u00e1fico M\u00e1laga. Frederique Hornbostel","description":"Profesional con gran experiencia en varios sectores: Moda, arquitectura,bodas, lifestyle, interiorismo, inmobiliaria.","robots":{"index":"index","follow":"follow","max-snippet":"max-snippet:-1","max-image-preview":"max-image-preview:large","max-video-preview":"max-video-preview:-1"},"canonical":"https:\/\/frederiquehorn.com\/es\/estudio-fotografico-malaga\/","og_locale":"es_ES","og_type":"article","og_title":"Estudio fotogr\u00e1fico M\u00e1laga. Frederique Hornbostel","og_description":"Profesional con gran experiencia en varios sectores: Moda, arquitectura,bodas, lifestyle, interiorismo, inmobiliaria.","og_url":"https:\/\/frederiquehorn.com\/es\/estudio-fotografico-malaga\/","og_site_name":"Frederique Hornbostel Fotograf\u00eda","article_modified_time":"2019-05-27T14:59:27+00:00","twitter_card":"summary_large_image","twitter_misc":{"Tiempo de lectura":"2 minutos"},"schema":{"@context":"https:\/\/schema.org","@graph":[{"@type":"WebPage","@id":"https:\/\/frederiquehorn.com\/es\/estudio-fotografico-malaga\/","url":"https:\/\/frederiquehorn.com\/es\/estudio-fotografico-malaga\/","name":"Estudio fotogr\u00e1fico M\u00e1laga. Frederique Hornbostel","isPartOf":{"@id":"https:\/\/frederiquehorn.com\/#website"},"datePublished":"2019-04-08T17:59:37+00:00","dateModified":"2019-05-27T14:59:27+00:00","description":"Profesional con gran experiencia en varios sectores: Moda, arquitectura,bodas, lifestyle, interiorismo, inmobiliaria.","breadcrumb":{"@id":"https:\/\/frederiquehorn.com\/es\/estudio-fotografico-malaga\/#breadcrumb"},"inLanguage":"es","potentialAction":[{"@type":"ReadAction","target":["https:\/\/frederiquehorn.com\/es\/estudio-fotografico-malaga\/"]}]},{"@type":"BreadcrumbList","@id":"https:\/\/frederiquehorn.com\/es\/estudio-fotografico-malaga\/#breadcrumb","itemListElement":[{"@type":"ListItem","position":1,"name":"Portada","item":"https:\/\/frederiquehorn.com\/es\/"},{"@type":"ListItem","position":2,"name":"contacto"}]},{"@type":"WebSite","@id":"https:\/\/frederiquehorn.com\/#website","url":"https:\/\/frederiquehorn.com\/","name":"Frederique Hornbostel Fotograf\u00eda","description":"Fotografia de eventos","potentialAction":[{"@type":"SearchAction","target":{"@type":"EntryPoint","urlTemplate":"https:\/\/frederiquehorn.com\/?s={search_term_string}"},"query-input":{"@type":"PropertyValueSpecification","valueRequired":true,"valueName":"search_term_string"}}],"inLanguage":"es"}]}},"_links":{"self":[{"href":"https:\/\/frederiquehorn.com\/es\/wp-json\/wp\/v2\/pages\/22615"}],"collection":[{"href":"https:\/\/frederiquehorn.com\/es\/wp-json\/wp\/v2\/pages"}],"about":[{"href":"https:\/\/frederiquehorn.com\/es\/wp-json\/wp\/v2\/types\/page"}],"author":[{"embeddable":true,"href":"https:\/\/frederiquehorn.com\/es\/wp-json\/wp\/v2\/users\/1"}],"replies":[{"embeddable":true,"href":"https:\/\/frederiquehorn.com\/es\/wp-json\/wp\/v2\/comments?post=22615"}],"version-history":[{"count":13,"href":"https:\/\/frederiquehorn.com\/es\/wp-json\/wp\/v2\/pages\/22615\/revisions"}],"predecessor-version":[{"id":22642,"href":"https:\/\/frederiquehorn.com\/es\/wp-json\/wp\/v2\/pages\/22615\/revisions\/22642"}],"wp:attachment":[{"href":"https:\/\/frederiquehorn.com\/es\/wp-json\/wp\/v2\/media?parent=22615"}],"curies":[{"name":"wp","href":"https:\/\/api.w.org\/{rel}","templated":true}]}}