{"id":21830,"date":"2019-03-26T09:27:18","date_gmt":"2019-03-26T09:27:18","guid":{"rendered":"http:\/\/frederiquehorn.com\/food\/"},"modified":"2019-05-27T14:53:28","modified_gmt":"2019-05-27T14:53:28","slug":"fotografia-producto-gastronomia-gourmet-alimentos","status":"publish","type":"page","link":"https:\/\/frederiquehorn.com\/es\/fotografia-producto-gastronomia-gourmet-alimentos\/","title":{"rendered":"food"},"content":{"rendered":"<section class=\"wpb-content-wrapper\"><section data-vc-full-width=\"true\" data-vc-full-width-init=\"false\" data-vc-stretch-content=\"true\" data-parallax-background-ratio=\"0.5\" class=\"vc_row wpb_row vc_row-fluid  vc_custom_1553592465819 wow fadeIn vc_row-has-fill pofo-stretch-content vc_row-o-content-middle vc_row-flex parallax pofo-row-responsive-69ea4805bd478\" style=\"min-height: 800px;\"><div class=\"bg-extra-dark-gray bg-overlay\" style=\"opacity:0.7; \"><\/div><div class=\"wpb_column vc_column_container vc_col-sm-1 vc_col-lg-4 vc_col-md-2 vc_hidden-xs col-xs-mobile-fullwidth\"><div class=\"vc_column-inner \"><div class=\"wpb_wrapper\"><\/div><\/div><\/div><div class=\"wpb_column vc_column_container vc_col-sm-10 vc_col-lg-4 vc_col-md-8 vc_col-xs-12 text-center\"><div class=\"vc_column-inner \"><div class=\"wpb_wrapper\"><h2 class=\"text-extra-dark-gray margin-20px-bottom font-weight-600 display-inline-block alt-font heading-style2  vc_custom_1553592679344 pofo-button-responsive-69ea4805bd687  heading-1\"  style=\"font-size: 22px; color: #ffffff;\" data-fontsize=\"22px\">GASTRONOM\u00cdA<\/h2><\/div><\/div><\/div><div class=\"wpb_column vc_column_container vc_col-sm-1 vc_col-lg-4 vc_col-md-2 vc_hidden-xs col-xs-mobile-fullwidth\"><div class=\"vc_column-inner \"><div class=\"wpb_wrapper\"><\/div><\/div><\/div><\/section><div class=\"vc_row-full-width vc_clearfix\"><\/div><section data-vc-full-width=\"true\" data-vc-full-width-init=\"false\" data-vc-stretch-content=\"true\" class=\"vc_row wpb_row vc_row-fluid  vc_custom_1507005882042 wow fadeIn pofo-stretch-content vc_row-no-padding\"><div class=\"wpb_column vc_column_container vc_col-sm-12  col-xs-mobile-fullwidth\"><div class=\"vc_column-inner vc_custom_1507010067078\"><div class=\"wpb_wrapper\"><div class=\"justified-gallery no-transition portfolio-style-9 pofo-portfolio-layout-1 lightbox-portfolio\" data-height=\"400\" data-spacing=\"10\" data-uniqueid=\"pofo-portfolio-layout-1\"><!-- start gallery item --><a href=\"https:\/\/frederiquehorn.com\/wp-content\/uploads\/2019\/03\/DSC_7814.jpg\" class=\"hentry gallery-link portfolio-filter-556-pofo-portfolio-layout-1   wow fadeInUp  post-21773 portfolio type-portfolio status-publish format-standard has-post-thumbnail portfolio-category-alimentacion\" target=\"_self\"><img loading=\"lazy\" decoding=\"async\" class=\"skip-lazy\" src=\"https:\/\/frederiquehorn.com\/wp-content\/uploads\/2019\/03\/DSC_7814.jpg\" width=\"997\" height=\"1500\" alt=\"\" srcset=\"https:\/\/frederiquehorn.com\/wp-content\/uploads\/2019\/03\/DSC_7814.jpg 997w, https:\/\/frederiquehorn.com\/wp-content\/uploads\/2019\/03\/DSC_7814-600x903.jpg 600w, https:\/\/frederiquehorn.com\/wp-content\/uploads\/2019\/03\/DSC_7814-199x300.jpg 199w, https:\/\/frederiquehorn.com\/wp-content\/uploads\/2019\/03\/DSC_7814-768x1155.jpg 768w, https:\/\/frederiquehorn.com\/wp-content\/uploads\/2019\/03\/DSC_7814-681x1024.jpg 681w, https:\/\/frederiquehorn.com\/wp-content\/uploads\/2019\/03\/DSC_7814-512x771.jpg 512w, https:\/\/frederiquehorn.com\/wp-content\/uploads\/2019\/03\/DSC_7814-81x122.jpg 81w\" sizes=\"(max-width: 997px) 100vw, 997px\" \/><\/a><!-- end gallery item --><!-- start gallery item --><a href=\"https:\/\/frederiquehorn.com\/wp-content\/uploads\/2019\/03\/2.jpg\" class=\"hentry gallery-link portfolio-filter-556-pofo-portfolio-layout-1   wow fadeInUp  post-21776 portfolio type-portfolio status-publish format-standard has-post-thumbnail portfolio-category-alimentacion\" data-wow-delay=\"100ms\" target=\"_self\"><img loading=\"lazy\" decoding=\"async\" class=\"skip-lazy\" src=\"https:\/\/frederiquehorn.com\/wp-content\/uploads\/2019\/03\/2.jpg\" width=\"800\" height=\"800\" alt=\"\" srcset=\"https:\/\/frederiquehorn.com\/wp-content\/uploads\/2019\/03\/2.jpg 800w, https:\/\/frederiquehorn.com\/wp-content\/uploads\/2019\/03\/2-300x300.jpg 300w, https:\/\/frederiquehorn.com\/wp-content\/uploads\/2019\/03\/2-100x100.jpg 100w, https:\/\/frederiquehorn.com\/wp-content\/uploads\/2019\/03\/2-600x600.jpg 600w, https:\/\/frederiquehorn.com\/wp-content\/uploads\/2019\/03\/2-150x150.jpg 150w, https:\/\/frederiquehorn.com\/wp-content\/uploads\/2019\/03\/2-768x768.jpg 768w, https:\/\/frederiquehorn.com\/wp-content\/uploads\/2019\/03\/2-771x771.jpg 771w, https:\/\/frederiquehorn.com\/wp-content\/uploads\/2019\/03\/2-81x81.jpg 81w\" sizes=\"(max-width: 800px) 100vw, 800px\" \/><\/a><!-- end gallery item --><!-- start gallery item --><a href=\"https:\/\/frederiquehorn.com\/wp-content\/uploads\/2019\/03\/DSC_7861.jpg\" class=\"hentry gallery-link portfolio-filter-556-pofo-portfolio-layout-1   wow fadeInUp  post-21780 portfolio type-portfolio status-publish format-standard has-post-thumbnail portfolio-category-alimentacion\" data-wow-delay=\"200ms\" target=\"_self\"><img loading=\"lazy\" decoding=\"async\" class=\"skip-lazy\" src=\"https:\/\/frederiquehorn.com\/wp-content\/uploads\/2019\/03\/DSC_7861.jpg\" width=\"997\" height=\"1500\" alt=\"\" srcset=\"https:\/\/frederiquehorn.com\/wp-content\/uploads\/2019\/03\/DSC_7861.jpg 997w, https:\/\/frederiquehorn.com\/wp-content\/uploads\/2019\/03\/DSC_7861-600x903.jpg 600w, https:\/\/frederiquehorn.com\/wp-content\/uploads\/2019\/03\/DSC_7861-199x300.jpg 199w, https:\/\/frederiquehorn.com\/wp-content\/uploads\/2019\/03\/DSC_7861-768x1155.jpg 768w, https:\/\/frederiquehorn.com\/wp-content\/uploads\/2019\/03\/DSC_7861-681x1024.jpg 681w, https:\/\/frederiquehorn.com\/wp-content\/uploads\/2019\/03\/DSC_7861-512x771.jpg 512w, https:\/\/frederiquehorn.com\/wp-content\/uploads\/2019\/03\/DSC_7861-81x122.jpg 81w\" sizes=\"(max-width: 997px) 100vw, 997px\" \/><\/a><!-- end gallery item --><!-- start gallery item --><a href=\"https:\/\/frederiquehorn.com\/wp-content\/uploads\/2019\/03\/IMG_0136.jpg\" class=\"hentry gallery-link portfolio-filter-556-pofo-portfolio-layout-1   wow fadeInUp  post-21783 portfolio type-portfolio status-publish format-standard has-post-thumbnail portfolio-category-alimentacion\" data-wow-delay=\"300ms\" target=\"_self\"><img loading=\"lazy\" decoding=\"async\" class=\"skip-lazy\" src=\"https:\/\/frederiquehorn.com\/wp-content\/uploads\/2019\/03\/IMG_0136.jpg\" width=\"1000\" height=\"1500\" alt=\"\" srcset=\"https:\/\/frederiquehorn.com\/wp-content\/uploads\/2019\/03\/IMG_0136.jpg 1000w, https:\/\/frederiquehorn.com\/wp-content\/uploads\/2019\/03\/IMG_0136-600x900.jpg 600w, https:\/\/frederiquehorn.com\/wp-content\/uploads\/2019\/03\/IMG_0136-200x300.jpg 200w, https:\/\/frederiquehorn.com\/wp-content\/uploads\/2019\/03\/IMG_0136-768x1152.jpg 768w, https:\/\/frederiquehorn.com\/wp-content\/uploads\/2019\/03\/IMG_0136-683x1024.jpg 683w, https:\/\/frederiquehorn.com\/wp-content\/uploads\/2019\/03\/IMG_0136-514x771.jpg 514w, https:\/\/frederiquehorn.com\/wp-content\/uploads\/2019\/03\/IMG_0136-81x122.jpg 81w\" sizes=\"(max-width: 1000px) 100vw, 1000px\" \/><\/a><!-- end gallery item --><!-- start gallery item --><a href=\"https:\/\/frederiquehorn.com\/wp-content\/uploads\/2019\/03\/IMG_2253.jpg\" class=\"hentry gallery-link portfolio-filter-556-pofo-portfolio-layout-1   wow fadeInUp  post-21786 portfolio type-portfolio status-publish format-standard has-post-thumbnail portfolio-category-alimentacion\" data-wow-delay=\"400ms\" target=\"_self\"><img loading=\"lazy\" decoding=\"async\" class=\"skip-lazy\" src=\"https:\/\/frederiquehorn.com\/wp-content\/uploads\/2019\/03\/IMG_2253.jpg\" width=\"1500\" height=\"1000\" alt=\"\" srcset=\"https:\/\/frederiquehorn.com\/wp-content\/uploads\/2019\/03\/IMG_2253.jpg 1500w, https:\/\/frederiquehorn.com\/wp-content\/uploads\/2019\/03\/IMG_2253-600x400.jpg 600w, https:\/\/frederiquehorn.com\/wp-content\/uploads\/2019\/03\/IMG_2253-300x200.jpg 300w, https:\/\/frederiquehorn.com\/wp-content\/uploads\/2019\/03\/IMG_2253-768x512.jpg 768w, https:\/\/frederiquehorn.com\/wp-content\/uploads\/2019\/03\/IMG_2253-1024x683.jpg 1024w, https:\/\/frederiquehorn.com\/wp-content\/uploads\/2019\/03\/IMG_2253-1157x771.jpg 1157w, https:\/\/frederiquehorn.com\/wp-content\/uploads\/2019\/03\/IMG_2253-81x54.jpg 81w\" sizes=\"(max-width: 1500px) 100vw, 1500px\" \/><\/a><!-- end gallery item --><!-- start gallery item --><a href=\"https:\/\/frederiquehorn.com\/wp-content\/uploads\/2019\/03\/IMG_2276.jpg\" class=\"hentry gallery-link portfolio-filter-556-pofo-portfolio-layout-1   wow fadeInUp  post-21790 portfolio type-portfolio status-publish format-standard has-post-thumbnail portfolio-category-alimentacion\" data-wow-delay=\"500ms\" target=\"_self\"><img loading=\"lazy\" decoding=\"async\" class=\"skip-lazy\" src=\"https:\/\/frederiquehorn.com\/wp-content\/uploads\/2019\/03\/IMG_2276.jpg\" width=\"1500\" height=\"1000\" alt=\"\" srcset=\"https:\/\/frederiquehorn.com\/wp-content\/uploads\/2019\/03\/IMG_2276.jpg 1500w, https:\/\/frederiquehorn.com\/wp-content\/uploads\/2019\/03\/IMG_2276-600x400.jpg 600w, https:\/\/frederiquehorn.com\/wp-content\/uploads\/2019\/03\/IMG_2276-300x200.jpg 300w, https:\/\/frederiquehorn.com\/wp-content\/uploads\/2019\/03\/IMG_2276-768x512.jpg 768w, https:\/\/frederiquehorn.com\/wp-content\/uploads\/2019\/03\/IMG_2276-1024x683.jpg 1024w, https:\/\/frederiquehorn.com\/wp-content\/uploads\/2019\/03\/IMG_2276-1157x771.jpg 1157w, https:\/\/frederiquehorn.com\/wp-content\/uploads\/2019\/03\/IMG_2276-81x54.jpg 81w\" sizes=\"(max-width: 1500px) 100vw, 1500px\" \/><\/a><!-- end gallery item --><!-- start gallery item --><a href=\"https:\/\/frederiquehorn.com\/wp-content\/uploads\/2019\/03\/IMG_2351.jpg\" class=\"hentry gallery-link portfolio-filter-556-pofo-portfolio-layout-1   wow fadeInUp  post-21794 portfolio type-portfolio status-publish format-standard has-post-thumbnail portfolio-category-alimentacion\" data-wow-delay=\"600ms\" target=\"_self\"><img loading=\"lazy\" decoding=\"async\" class=\"skip-lazy\" src=\"https:\/\/frederiquehorn.com\/wp-content\/uploads\/2019\/03\/IMG_2351.jpg\" width=\"1500\" height=\"1000\" alt=\"\" srcset=\"https:\/\/frederiquehorn.com\/wp-content\/uploads\/2019\/03\/IMG_2351.jpg 1500w, https:\/\/frederiquehorn.com\/wp-content\/uploads\/2019\/03\/IMG_2351-600x400.jpg 600w, https:\/\/frederiquehorn.com\/wp-content\/uploads\/2019\/03\/IMG_2351-300x200.jpg 300w, https:\/\/frederiquehorn.com\/wp-content\/uploads\/2019\/03\/IMG_2351-768x512.jpg 768w, https:\/\/frederiquehorn.com\/wp-content\/uploads\/2019\/03\/IMG_2351-1024x683.jpg 1024w, https:\/\/frederiquehorn.com\/wp-content\/uploads\/2019\/03\/IMG_2351-1157x771.jpg 1157w, https:\/\/frederiquehorn.com\/wp-content\/uploads\/2019\/03\/IMG_2351-81x54.jpg 81w\" sizes=\"(max-width: 1500px) 100vw, 1500px\" \/><\/a><!-- end gallery item --><!-- start gallery item --><a href=\"https:\/\/frederiquehorn.com\/wp-content\/uploads\/2019\/03\/IMG_2384.jpg\" class=\"hentry gallery-link portfolio-filter-556-pofo-portfolio-layout-1   wow fadeInUp  post-21798 portfolio type-portfolio status-publish format-standard has-post-thumbnail portfolio-category-alimentacion\" data-wow-delay=\"700ms\" target=\"_self\"><img loading=\"lazy\" decoding=\"async\" class=\"skip-lazy\" src=\"https:\/\/frederiquehorn.com\/wp-content\/uploads\/2019\/03\/IMG_2384.jpg\" width=\"1500\" height=\"1000\" alt=\"\" srcset=\"https:\/\/frederiquehorn.com\/wp-content\/uploads\/2019\/03\/IMG_2384.jpg 1500w, https:\/\/frederiquehorn.com\/wp-content\/uploads\/2019\/03\/IMG_2384-600x400.jpg 600w, https:\/\/frederiquehorn.com\/wp-content\/uploads\/2019\/03\/IMG_2384-300x200.jpg 300w, https:\/\/frederiquehorn.com\/wp-content\/uploads\/2019\/03\/IMG_2384-768x512.jpg 768w, https:\/\/frederiquehorn.com\/wp-content\/uploads\/2019\/03\/IMG_2384-1024x683.jpg 1024w, https:\/\/frederiquehorn.com\/wp-content\/uploads\/2019\/03\/IMG_2384-1157x771.jpg 1157w, https:\/\/frederiquehorn.com\/wp-content\/uploads\/2019\/03\/IMG_2384-81x54.jpg 81w\" sizes=\"(max-width: 1500px) 100vw, 1500px\" \/><\/a><!-- end gallery item --><!-- start gallery item --><a href=\"https:\/\/frederiquehorn.com\/wp-content\/uploads\/2019\/03\/IMG_2392-original.jpg\" class=\"hentry gallery-link portfolio-filter-556-pofo-portfolio-layout-1   wow fadeInUp  post-21802 portfolio type-portfolio status-publish format-standard has-post-thumbnail portfolio-category-alimentacion\" data-wow-delay=\"800ms\" target=\"_self\"><img loading=\"lazy\" decoding=\"async\" class=\"skip-lazy\" src=\"https:\/\/frederiquehorn.com\/wp-content\/uploads\/2019\/03\/IMG_2392-original.jpg\" width=\"1500\" height=\"1000\" alt=\"\" srcset=\"https:\/\/frederiquehorn.com\/wp-content\/uploads\/2019\/03\/IMG_2392-original.jpg 1500w, https:\/\/frederiquehorn.com\/wp-content\/uploads\/2019\/03\/IMG_2392-original-600x400.jpg 600w, https:\/\/frederiquehorn.com\/wp-content\/uploads\/2019\/03\/IMG_2392-original-300x200.jpg 300w, https:\/\/frederiquehorn.com\/wp-content\/uploads\/2019\/03\/IMG_2392-original-768x512.jpg 768w, https:\/\/frederiquehorn.com\/wp-content\/uploads\/2019\/03\/IMG_2392-original-1024x683.jpg 1024w, https:\/\/frederiquehorn.com\/wp-content\/uploads\/2019\/03\/IMG_2392-original-1157x771.jpg 1157w, https:\/\/frederiquehorn.com\/wp-content\/uploads\/2019\/03\/IMG_2392-original-81x54.jpg 81w\" sizes=\"(max-width: 1500px) 100vw, 1500px\" \/><\/a><!-- end gallery item --><!-- start gallery item --><a href=\"https:\/\/frederiquehorn.com\/wp-content\/uploads\/2019\/03\/IMG_2394.jpg\" class=\"hentry gallery-link portfolio-filter-556-pofo-portfolio-layout-1   wow fadeInUp  post-21806 portfolio type-portfolio status-publish format-standard has-post-thumbnail portfolio-category-alimentacion\" data-wow-delay=\"900ms\" target=\"_self\"><img loading=\"lazy\" decoding=\"async\" class=\"skip-lazy\" src=\"https:\/\/frederiquehorn.com\/wp-content\/uploads\/2019\/03\/IMG_2394.jpg\" width=\"1500\" height=\"1000\" alt=\"\" srcset=\"https:\/\/frederiquehorn.com\/wp-content\/uploads\/2019\/03\/IMG_2394.jpg 1500w, https:\/\/frederiquehorn.com\/wp-content\/uploads\/2019\/03\/IMG_2394-600x400.jpg 600w, https:\/\/frederiquehorn.com\/wp-content\/uploads\/2019\/03\/IMG_2394-300x200.jpg 300w, https:\/\/frederiquehorn.com\/wp-content\/uploads\/2019\/03\/IMG_2394-768x512.jpg 768w, https:\/\/frederiquehorn.com\/wp-content\/uploads\/2019\/03\/IMG_2394-1024x683.jpg 1024w, https:\/\/frederiquehorn.com\/wp-content\/uploads\/2019\/03\/IMG_2394-1157x771.jpg 1157w, https:\/\/frederiquehorn.com\/wp-content\/uploads\/2019\/03\/IMG_2394-81x54.jpg 81w\" sizes=\"(max-width: 1500px) 100vw, 1500px\" \/><\/a><!-- end gallery item --><!-- start gallery item --><a href=\"https:\/\/frederiquehorn.com\/wp-content\/uploads\/2019\/03\/IMG_2779.jpg\" class=\"hentry gallery-link portfolio-filter-556-pofo-portfolio-layout-1   wow fadeInUp  post-21811 portfolio type-portfolio status-publish format-standard has-post-thumbnail portfolio-category-alimentacion\" data-wow-delay=\"1000ms\" target=\"_self\"><img loading=\"lazy\" decoding=\"async\" class=\"skip-lazy\" src=\"https:\/\/frederiquehorn.com\/wp-content\/uploads\/2019\/03\/IMG_2779.jpg\" width=\"1500\" height=\"1000\" alt=\"\" srcset=\"https:\/\/frederiquehorn.com\/wp-content\/uploads\/2019\/03\/IMG_2779.jpg 1500w, https:\/\/frederiquehorn.com\/wp-content\/uploads\/2019\/03\/IMG_2779-600x400.jpg 600w, https:\/\/frederiquehorn.com\/wp-content\/uploads\/2019\/03\/IMG_2779-300x200.jpg 300w, https:\/\/frederiquehorn.com\/wp-content\/uploads\/2019\/03\/IMG_2779-768x512.jpg 768w, https:\/\/frederiquehorn.com\/wp-content\/uploads\/2019\/03\/IMG_2779-1024x683.jpg 1024w, https:\/\/frederiquehorn.com\/wp-content\/uploads\/2019\/03\/IMG_2779-1157x771.jpg 1157w, https:\/\/frederiquehorn.com\/wp-content\/uploads\/2019\/03\/IMG_2779-81x54.jpg 81w\" sizes=\"(max-width: 1500px) 100vw, 1500px\" \/><\/a><!-- end gallery item --><!-- start gallery item --><a href=\"https:\/\/frederiquehorn.com\/wp-content\/uploads\/2019\/03\/IMG_2791.jpg\" class=\"hentry gallery-link portfolio-filter-556-pofo-portfolio-layout-1   wow fadeInUp  post-21815 portfolio type-portfolio status-publish format-standard has-post-thumbnail portfolio-category-alimentacion\" data-wow-delay=\"1100ms\" target=\"_self\"><img loading=\"lazy\" decoding=\"async\" class=\"skip-lazy\" src=\"https:\/\/frederiquehorn.com\/wp-content\/uploads\/2019\/03\/IMG_2791.jpg\" width=\"1500\" height=\"958\" alt=\"\" srcset=\"https:\/\/frederiquehorn.com\/wp-content\/uploads\/2019\/03\/IMG_2791.jpg 1500w, https:\/\/frederiquehorn.com\/wp-content\/uploads\/2019\/03\/IMG_2791-600x383.jpg 600w, https:\/\/frederiquehorn.com\/wp-content\/uploads\/2019\/03\/IMG_2791-300x192.jpg 300w, https:\/\/frederiquehorn.com\/wp-content\/uploads\/2019\/03\/IMG_2791-768x490.jpg 768w, https:\/\/frederiquehorn.com\/wp-content\/uploads\/2019\/03\/IMG_2791-1024x654.jpg 1024w, https:\/\/frederiquehorn.com\/wp-content\/uploads\/2019\/03\/IMG_2791-1200x766.jpg 1200w, https:\/\/frederiquehorn.com\/wp-content\/uploads\/2019\/03\/IMG_2791-81x52.jpg 81w\" sizes=\"(max-width: 1500px) 100vw, 1500px\" \/><\/a><!-- end gallery item --><!-- start gallery item --><a href=\"https:\/\/frederiquehorn.com\/wp-content\/uploads\/2019\/03\/IMG_2805.jpg\" class=\"hentry gallery-link portfolio-filter-556-pofo-portfolio-layout-1   wow fadeInUp  post-21819 portfolio type-portfolio status-publish format-standard has-post-thumbnail portfolio-category-alimentacion\" data-wow-delay=\"1200ms\" target=\"_self\"><img loading=\"lazy\" decoding=\"async\" class=\"skip-lazy\" src=\"https:\/\/frederiquehorn.com\/wp-content\/uploads\/2019\/03\/IMG_2805.jpg\" width=\"1500\" height=\"1015\" alt=\"\" srcset=\"https:\/\/frederiquehorn.com\/wp-content\/uploads\/2019\/03\/IMG_2805.jpg 1500w, https:\/\/frederiquehorn.com\/wp-content\/uploads\/2019\/03\/IMG_2805-600x406.jpg 600w, https:\/\/frederiquehorn.com\/wp-content\/uploads\/2019\/03\/IMG_2805-300x203.jpg 300w, https:\/\/frederiquehorn.com\/wp-content\/uploads\/2019\/03\/IMG_2805-768x520.jpg 768w, https:\/\/frederiquehorn.com\/wp-content\/uploads\/2019\/03\/IMG_2805-1024x693.jpg 1024w, https:\/\/frederiquehorn.com\/wp-content\/uploads\/2019\/03\/IMG_2805-1139x771.jpg 1139w, https:\/\/frederiquehorn.com\/wp-content\/uploads\/2019\/03\/IMG_2805-81x55.jpg 81w\" sizes=\"(max-width: 1500px) 100vw, 1500px\" \/><\/a><!-- end gallery item --><!-- start gallery item --><a href=\"https:\/\/frederiquehorn.com\/wp-content\/uploads\/2019\/03\/Portada-2.jpg\" class=\"hentry gallery-link portfolio-filter-556-pofo-portfolio-layout-1   wow fadeInUp  post-21823 portfolio type-portfolio status-publish format-standard has-post-thumbnail portfolio-category-alimentacion\" data-wow-delay=\"1300ms\" target=\"_self\"><img loading=\"lazy\" decoding=\"async\" class=\"skip-lazy\" src=\"https:\/\/frederiquehorn.com\/wp-content\/uploads\/2019\/03\/Portada-2.jpg\" width=\"1500\" height=\"1000\" alt=\"\" srcset=\"https:\/\/frederiquehorn.com\/wp-content\/uploads\/2019\/03\/Portada-2.jpg 1500w, https:\/\/frederiquehorn.com\/wp-content\/uploads\/2019\/03\/Portada-2-600x400.jpg 600w, https:\/\/frederiquehorn.com\/wp-content\/uploads\/2019\/03\/Portada-2-300x200.jpg 300w, https:\/\/frederiquehorn.com\/wp-content\/uploads\/2019\/03\/Portada-2-768x512.jpg 768w, https:\/\/frederiquehorn.com\/wp-content\/uploads\/2019\/03\/Portada-2-1024x683.jpg 1024w, https:\/\/frederiquehorn.com\/wp-content\/uploads\/2019\/03\/Portada-2-1157x771.jpg 1157w, https:\/\/frederiquehorn.com\/wp-content\/uploads\/2019\/03\/Portada-2-81x54.jpg 81w\" sizes=\"(max-width: 1500px) 100vw, 1500px\" \/><\/a><!-- end gallery item --><\/div><\/div><\/div><\/div><\/section><div class=\"vc_row-full-width vc_clearfix\"><\/div><section class=\"vc_row wpb_row vc_row-fluid\"><div class=\"wpb_column vc_column_container vc_col-sm-12  col-xs-mobile-fullwidth\"><div class=\"vc_column-inner \"><div class=\"wpb_wrapper\"><div class=\"last-paragraph-no-margin\"><h4>Frederique Hornbostel Photograph<\/h4>\n<\/div><div class=\"last-paragraph-no-margin\" style=\"color: #d1d1d1;\"><p class=\"p1\"><span class=\"s1\">fotograf\u00eda de productos, fotograf\u00eda gastron\u00f3mica, fotograf\u00eda grourmet, en todos estos sectores de la\u00a0<\/span><span class=\"s1\">alimentaci\u00f3n Frederique tiene experiencia aportando a la fotograf\u00eda sensaci\u00f3n de real y viva en los productos.<\/span><\/p>\n<\/div><\/div><\/div><\/div><\/section>\n<\/section>","protected":false},"excerpt":{"rendered":"","protected":false},"author":1,"featured_media":0,"parent":0,"menu_order":0,"comment_status":"closed","ping_status":"closed","template":"","meta":{"footnotes":""},"yoast_head":"<!-- This site is optimized with the Yoast SEO plugin v23.5 - https:\/\/yoast.com\/wordpress\/plugins\/seo\/ -->\n<title>Fotograf\u00eda de productos. Fot\u00f3grafa Costa del Sol<\/title>\n<meta name=\"description\" content=\"Fotograf\u00eda gastron\u00f3mica y gourmet. Dilatada experiencia en el mundo de laalimentaci\u00f3n. Solicita presupuesto sin compromiso.\" \/>\n<meta name=\"robots\" content=\"index, follow, max-snippet:-1, max-image-preview:large, max-video-preview:-1\" \/>\n<link rel=\"canonical\" href=\"https:\/\/frederiquehorn.com\/es\/fotografia-producto-gastronomia-gourmet-alimentos\/\" \/>\n<meta property=\"og:locale\" content=\"es_ES\" \/>\n<meta property=\"og:type\" content=\"article\" \/>\n<meta property=\"og:title\" content=\"Fotograf\u00eda de productos. Fot\u00f3grafa Costa del Sol\" \/>\n<meta property=\"og:description\" content=\"Fotograf\u00eda gastron\u00f3mica y gourmet. Dilatada experiencia en el mundo de laalimentaci\u00f3n. Solicita presupuesto sin compromiso.\" \/>\n<meta property=\"og:url\" content=\"https:\/\/frederiquehorn.com\/es\/fotografia-producto-gastronomia-gourmet-alimentos\/\" \/>\n<meta property=\"og:site_name\" content=\"Frederique Hornbostel Fotograf\u00eda\" \/>\n<meta property=\"article:modified_time\" content=\"2019-05-27T14:53:28+00:00\" \/>\n<meta name=\"twitter:card\" content=\"summary_large_image\" \/>\n<meta name=\"twitter:label1\" content=\"Tiempo de lectura\" \/>\n\t<meta name=\"twitter:data1\" content=\"2 minutos\" \/>\n<script type=\"application\/ld+json\" class=\"yoast-schema-graph\">{\"@context\":\"https:\/\/schema.org\",\"@graph\":[{\"@type\":\"WebPage\",\"@id\":\"https:\/\/frederiquehorn.com\/es\/fotografia-producto-gastronomia-gourmet-alimentos\/\",\"url\":\"https:\/\/frederiquehorn.com\/es\/fotografia-producto-gastronomia-gourmet-alimentos\/\",\"name\":\"Fotograf\u00eda de productos. Fot\u00f3grafa Costa del Sol\",\"isPartOf\":{\"@id\":\"https:\/\/frederiquehorn.com\/#website\"},\"datePublished\":\"2019-03-26T09:27:18+00:00\",\"dateModified\":\"2019-05-27T14:53:28+00:00\",\"description\":\"Fotograf\u00eda gastron\u00f3mica y gourmet. Dilatada experiencia en el mundo de laalimentaci\u00f3n. Solicita presupuesto sin compromiso.\",\"breadcrumb\":{\"@id\":\"https:\/\/frederiquehorn.com\/es\/fotografia-producto-gastronomia-gourmet-alimentos\/#breadcrumb\"},\"inLanguage\":\"es\",\"potentialAction\":[{\"@type\":\"ReadAction\",\"target\":[\"https:\/\/frederiquehorn.com\/es\/fotografia-producto-gastronomia-gourmet-alimentos\/\"]}]},{\"@type\":\"BreadcrumbList\",\"@id\":\"https:\/\/frederiquehorn.com\/es\/fotografia-producto-gastronomia-gourmet-alimentos\/#breadcrumb\",\"itemListElement\":[{\"@type\":\"ListItem\",\"position\":1,\"name\":\"Portada\",\"item\":\"https:\/\/frederiquehorn.com\/es\/\"},{\"@type\":\"ListItem\",\"position\":2,\"name\":\"food\"}]},{\"@type\":\"WebSite\",\"@id\":\"https:\/\/frederiquehorn.com\/#website\",\"url\":\"https:\/\/frederiquehorn.com\/\",\"name\":\"Frederique Hornbostel Fotograf\u00eda\",\"description\":\"Fotografia de eventos\",\"potentialAction\":[{\"@type\":\"SearchAction\",\"target\":{\"@type\":\"EntryPoint\",\"urlTemplate\":\"https:\/\/frederiquehorn.com\/?s={search_term_string}\"},\"query-input\":{\"@type\":\"PropertyValueSpecification\",\"valueRequired\":true,\"valueName\":\"search_term_string\"}}],\"inLanguage\":\"es\"}]}<\/script>\n<!-- \/ Yoast SEO plugin. -->","yoast_head_json":{"title":"Fotograf\u00eda de productos. Fot\u00f3grafa Costa del Sol","description":"Fotograf\u00eda gastron\u00f3mica y gourmet. Dilatada experiencia en el mundo de laalimentaci\u00f3n. Solicita presupuesto sin compromiso.","robots":{"index":"index","follow":"follow","max-snippet":"max-snippet:-1","max-image-preview":"max-image-preview:large","max-video-preview":"max-video-preview:-1"},"canonical":"https:\/\/frederiquehorn.com\/es\/fotografia-producto-gastronomia-gourmet-alimentos\/","og_locale":"es_ES","og_type":"article","og_title":"Fotograf\u00eda de productos. Fot\u00f3grafa Costa del Sol","og_description":"Fotograf\u00eda gastron\u00f3mica y gourmet. Dilatada experiencia en el mundo de laalimentaci\u00f3n. Solicita presupuesto sin compromiso.","og_url":"https:\/\/frederiquehorn.com\/es\/fotografia-producto-gastronomia-gourmet-alimentos\/","og_site_name":"Frederique Hornbostel Fotograf\u00eda","article_modified_time":"2019-05-27T14:53:28+00:00","twitter_card":"summary_large_image","twitter_misc":{"Tiempo de lectura":"2 minutos"},"schema":{"@context":"https:\/\/schema.org","@graph":[{"@type":"WebPage","@id":"https:\/\/frederiquehorn.com\/es\/fotografia-producto-gastronomia-gourmet-alimentos\/","url":"https:\/\/frederiquehorn.com\/es\/fotografia-producto-gastronomia-gourmet-alimentos\/","name":"Fotograf\u00eda de productos. Fot\u00f3grafa Costa del Sol","isPartOf":{"@id":"https:\/\/frederiquehorn.com\/#website"},"datePublished":"2019-03-26T09:27:18+00:00","dateModified":"2019-05-27T14:53:28+00:00","description":"Fotograf\u00eda gastron\u00f3mica y gourmet. Dilatada experiencia en el mundo de laalimentaci\u00f3n. Solicita presupuesto sin compromiso.","breadcrumb":{"@id":"https:\/\/frederiquehorn.com\/es\/fotografia-producto-gastronomia-gourmet-alimentos\/#breadcrumb"},"inLanguage":"es","potentialAction":[{"@type":"ReadAction","target":["https:\/\/frederiquehorn.com\/es\/fotografia-producto-gastronomia-gourmet-alimentos\/"]}]},{"@type":"BreadcrumbList","@id":"https:\/\/frederiquehorn.com\/es\/fotografia-producto-gastronomia-gourmet-alimentos\/#breadcrumb","itemListElement":[{"@type":"ListItem","position":1,"name":"Portada","item":"https:\/\/frederiquehorn.com\/es\/"},{"@type":"ListItem","position":2,"name":"food"}]},{"@type":"WebSite","@id":"https:\/\/frederiquehorn.com\/#website","url":"https:\/\/frederiquehorn.com\/","name":"Frederique Hornbostel Fotograf\u00eda","description":"Fotografia de eventos","potentialAction":[{"@type":"SearchAction","target":{"@type":"EntryPoint","urlTemplate":"https:\/\/frederiquehorn.com\/?s={search_term_string}"},"query-input":{"@type":"PropertyValueSpecification","valueRequired":true,"valueName":"search_term_string"}}],"inLanguage":"es"}]}},"_links":{"self":[{"href":"https:\/\/frederiquehorn.com\/es\/wp-json\/wp\/v2\/pages\/21830"}],"collection":[{"href":"https:\/\/frederiquehorn.com\/es\/wp-json\/wp\/v2\/pages"}],"about":[{"href":"https:\/\/frederiquehorn.com\/es\/wp-json\/wp\/v2\/types\/page"}],"author":[{"embeddable":true,"href":"https:\/\/frederiquehorn.com\/es\/wp-json\/wp\/v2\/users\/1"}],"replies":[{"embeddable":true,"href":"https:\/\/frederiquehorn.com\/es\/wp-json\/wp\/v2\/comments?post=21830"}],"version-history":[{"count":8,"href":"https:\/\/frederiquehorn.com\/es\/wp-json\/wp\/v2\/pages\/21830\/revisions"}],"predecessor-version":[{"id":23061,"href":"https:\/\/frederiquehorn.com\/es\/wp-json\/wp\/v2\/pages\/21830\/revisions\/23061"}],"wp:attachment":[{"href":"https:\/\/frederiquehorn.com\/es\/wp-json\/wp\/v2\/media?parent=21830"}],"curies":[{"name":"wp","href":"https:\/\/api.w.org\/{rel}","templated":true}]}}