{"id":21734,"date":"2019-03-26T09:00:35","date_gmt":"2019-03-26T09:00:35","guid":{"rendered":"http:\/\/frederiquehorn.com\/deco-2\/"},"modified":"2019-05-27T14:51:34","modified_gmt":"2019-05-27T14:51:34","slug":"fotografia-de-interiores-y-arquitectura","status":"publish","type":"page","link":"https:\/\/frederiquehorn.com\/es\/fotografia-de-interiores-y-arquitectura\/","title":{"rendered":"Deco"},"content":{"rendered":"<section class=\"wpb-content-wrapper\"><section data-vc-full-width=\"true\" data-vc-full-width-init=\"false\" data-vc-stretch-content=\"true\" data-parallax-background-ratio=\"0.5\" class=\"vc_row wpb_row vc_row-fluid  vc_custom_1553591037063 wow fadeIn vc_row-has-fill pofo-stretch-content vc_row-o-content-middle vc_row-flex parallax pofo-row-responsive-69d26805a50c7\" style=\"min-height: 800px;\"><div class=\"bg-extra-dark-gray bg-overlay\" style=\"opacity:0.7; \"><\/div><div class=\"wpb_column vc_column_container vc_col-sm-1 vc_col-lg-4 vc_col-md-2 vc_hidden-xs col-xs-mobile-fullwidth\"><div class=\"vc_column-inner \"><div class=\"wpb_wrapper\"><\/div><\/div><\/div><div class=\"wpb_column vc_column_container vc_col-sm-10 vc_col-lg-4 vc_col-md-8 vc_col-xs-12 text-center\"><div class=\"vc_column-inner \"><div class=\"wpb_wrapper\"><h2 class=\"text-extra-dark-gray margin-20px-bottom font-weight-600 display-inline-block alt-font heading-style2  vc_custom_1553590869316 pofo-button-responsive-69d26805a53a8  heading-1\"  style=\"font-size: 22px; color: #ffffff;\" data-fontsize=\"22px\">DECO<\/h2><\/div><\/div><\/div><div class=\"wpb_column vc_column_container vc_col-sm-1 vc_col-lg-4 vc_col-md-2 vc_hidden-xs col-xs-mobile-fullwidth\"><div class=\"vc_column-inner \"><div class=\"wpb_wrapper\"><\/div><\/div><\/div><\/section><div class=\"vc_row-full-width vc_clearfix\"><\/div><section data-vc-full-width=\"true\" data-vc-full-width-init=\"false\" data-vc-stretch-content=\"true\" class=\"vc_row wpb_row vc_row-fluid  vc_custom_1507005882042 wow fadeIn pofo-stretch-content vc_row-no-padding\"><div class=\"wpb_column vc_column_container vc_col-sm-12  col-xs-mobile-fullwidth\"><div class=\"vc_column-inner vc_custom_1507010067078\"><div class=\"wpb_wrapper\"><div class=\"justified-gallery no-transition portfolio-style-9 pofo-portfolio-layout-1 lightbox-portfolio\" data-height=\"400\" data-spacing=\"10\" data-uniqueid=\"pofo-portfolio-layout-1\"><!-- start gallery item --><a href=\"https:\/\/frederiquehorn.com\/wp-content\/uploads\/2019\/03\/IMG_2673.jpg\" class=\"hentry gallery-link portfolio-filter-554-pofo-portfolio-layout-1   wow fadeInUp  post-21678 portfolio type-portfolio status-publish format-standard has-post-thumbnail portfolio-category-deco-es\" target=\"_self\"><img loading=\"lazy\" decoding=\"async\" class=\"skip-lazy\" src=\"https:\/\/frederiquehorn.com\/wp-content\/uploads\/2019\/03\/IMG_2673.jpg\" width=\"1500\" height=\"1000\" alt=\"\" srcset=\"https:\/\/frederiquehorn.com\/wp-content\/uploads\/2019\/03\/IMG_2673.jpg 1500w, https:\/\/frederiquehorn.com\/wp-content\/uploads\/2019\/03\/IMG_2673-600x400.jpg 600w, https:\/\/frederiquehorn.com\/wp-content\/uploads\/2019\/03\/IMG_2673-300x200.jpg 300w, https:\/\/frederiquehorn.com\/wp-content\/uploads\/2019\/03\/IMG_2673-768x512.jpg 768w, https:\/\/frederiquehorn.com\/wp-content\/uploads\/2019\/03\/IMG_2673-1024x683.jpg 1024w, https:\/\/frederiquehorn.com\/wp-content\/uploads\/2019\/03\/IMG_2673-1157x771.jpg 1157w, https:\/\/frederiquehorn.com\/wp-content\/uploads\/2019\/03\/IMG_2673-81x54.jpg 81w\" sizes=\"(max-width: 1500px) 100vw, 1500px\" \/><\/a><!-- end gallery item --><!-- start gallery item --><a href=\"https:\/\/frederiquehorn.com\/wp-content\/uploads\/2019\/03\/27.jpg\" class=\"hentry gallery-link portfolio-filter-554-pofo-portfolio-layout-1   wow fadeInUp  post-21701 portfolio type-portfolio status-publish format-standard has-post-thumbnail portfolio-category-deco-es\" data-wow-delay=\"100ms\" target=\"_self\"><img loading=\"lazy\" decoding=\"async\" class=\"skip-lazy\" src=\"https:\/\/frederiquehorn.com\/wp-content\/uploads\/2019\/03\/27.jpg\" width=\"1500\" height=\"1000\" alt=\"\" srcset=\"https:\/\/frederiquehorn.com\/wp-content\/uploads\/2019\/03\/27.jpg 1500w, https:\/\/frederiquehorn.com\/wp-content\/uploads\/2019\/03\/27-600x400.jpg 600w, https:\/\/frederiquehorn.com\/wp-content\/uploads\/2019\/03\/27-300x200.jpg 300w, https:\/\/frederiquehorn.com\/wp-content\/uploads\/2019\/03\/27-768x512.jpg 768w, https:\/\/frederiquehorn.com\/wp-content\/uploads\/2019\/03\/27-1024x683.jpg 1024w, https:\/\/frederiquehorn.com\/wp-content\/uploads\/2019\/03\/27-1157x771.jpg 1157w, https:\/\/frederiquehorn.com\/wp-content\/uploads\/2019\/03\/27-81x54.jpg 81w\" sizes=\"(max-width: 1500px) 100vw, 1500px\" \/><\/a><!-- end gallery item --><!-- start gallery item --><a href=\"https:\/\/frederiquehorn.com\/wp-content\/uploads\/2019\/03\/IMG_9859.jpg\" class=\"hentry gallery-link portfolio-filter-554-pofo-portfolio-layout-1   wow fadeInUp  post-21709 portfolio type-portfolio status-publish format-standard has-post-thumbnail portfolio-category-deco-es\" data-wow-delay=\"200ms\" target=\"_self\"><img loading=\"lazy\" decoding=\"async\" class=\"skip-lazy\" src=\"https:\/\/frederiquehorn.com\/wp-content\/uploads\/2019\/03\/IMG_9859.jpg\" width=\"1500\" height=\"1000\" alt=\"\" srcset=\"https:\/\/frederiquehorn.com\/wp-content\/uploads\/2019\/03\/IMG_9859.jpg 1500w, https:\/\/frederiquehorn.com\/wp-content\/uploads\/2019\/03\/IMG_9859-600x400.jpg 600w, https:\/\/frederiquehorn.com\/wp-content\/uploads\/2019\/03\/IMG_9859-300x200.jpg 300w, https:\/\/frederiquehorn.com\/wp-content\/uploads\/2019\/03\/IMG_9859-768x512.jpg 768w, https:\/\/frederiquehorn.com\/wp-content\/uploads\/2019\/03\/IMG_9859-1024x683.jpg 1024w, https:\/\/frederiquehorn.com\/wp-content\/uploads\/2019\/03\/IMG_9859-1157x771.jpg 1157w, https:\/\/frederiquehorn.com\/wp-content\/uploads\/2019\/03\/IMG_9859-81x54.jpg 81w\" sizes=\"(max-width: 1500px) 100vw, 1500px\" \/><\/a><!-- end gallery item --><!-- start gallery item --><a href=\"https:\/\/frederiquehorn.com\/wp-content\/uploads\/2019\/03\/IMG_9860.jpg\" class=\"hentry gallery-link portfolio-filter-554-pofo-portfolio-layout-1   wow fadeInUp  post-21713 portfolio type-portfolio status-publish format-standard has-post-thumbnail portfolio-category-deco-es\" data-wow-delay=\"300ms\" target=\"_self\"><img loading=\"lazy\" decoding=\"async\" class=\"skip-lazy\" src=\"https:\/\/frederiquehorn.com\/wp-content\/uploads\/2019\/03\/IMG_9860.jpg\" width=\"1500\" height=\"1000\" alt=\"\" srcset=\"https:\/\/frederiquehorn.com\/wp-content\/uploads\/2019\/03\/IMG_9860.jpg 1500w, https:\/\/frederiquehorn.com\/wp-content\/uploads\/2019\/03\/IMG_9860-600x400.jpg 600w, https:\/\/frederiquehorn.com\/wp-content\/uploads\/2019\/03\/IMG_9860-300x200.jpg 300w, https:\/\/frederiquehorn.com\/wp-content\/uploads\/2019\/03\/IMG_9860-768x512.jpg 768w, https:\/\/frederiquehorn.com\/wp-content\/uploads\/2019\/03\/IMG_9860-1024x683.jpg 1024w, https:\/\/frederiquehorn.com\/wp-content\/uploads\/2019\/03\/IMG_9860-1157x771.jpg 1157w, https:\/\/frederiquehorn.com\/wp-content\/uploads\/2019\/03\/IMG_9860-81x54.jpg 81w\" sizes=\"(max-width: 1500px) 100vw, 1500px\" \/><\/a><!-- end gallery item --><!-- start gallery item --><a href=\"https:\/\/frederiquehorn.com\/wp-content\/uploads\/2019\/03\/IMG_9874.jpg\" class=\"hentry gallery-link portfolio-filter-554-pofo-portfolio-layout-1   wow fadeInUp  post-21717 portfolio type-portfolio status-publish format-standard has-post-thumbnail portfolio-category-deco-es\" data-wow-delay=\"400ms\" target=\"_self\"><img loading=\"lazy\" decoding=\"async\" class=\"skip-lazy\" src=\"https:\/\/frederiquehorn.com\/wp-content\/uploads\/2019\/03\/IMG_9874.jpg\" width=\"1500\" height=\"1000\" alt=\"\" srcset=\"https:\/\/frederiquehorn.com\/wp-content\/uploads\/2019\/03\/IMG_9874.jpg 1500w, https:\/\/frederiquehorn.com\/wp-content\/uploads\/2019\/03\/IMG_9874-600x400.jpg 600w, https:\/\/frederiquehorn.com\/wp-content\/uploads\/2019\/03\/IMG_9874-300x200.jpg 300w, https:\/\/frederiquehorn.com\/wp-content\/uploads\/2019\/03\/IMG_9874-768x512.jpg 768w, https:\/\/frederiquehorn.com\/wp-content\/uploads\/2019\/03\/IMG_9874-1024x683.jpg 1024w, https:\/\/frederiquehorn.com\/wp-content\/uploads\/2019\/03\/IMG_9874-1157x771.jpg 1157w, https:\/\/frederiquehorn.com\/wp-content\/uploads\/2019\/03\/IMG_9874-81x54.jpg 81w\" sizes=\"(max-width: 1500px) 100vw, 1500px\" \/><\/a><!-- end gallery item --><!-- start gallery item --><a href=\"https:\/\/frederiquehorn.com\/wp-content\/uploads\/2019\/03\/IMG_9878.jpg\" class=\"hentry gallery-link portfolio-filter-554-pofo-portfolio-layout-1   wow fadeInUp  post-21721 portfolio type-portfolio status-publish format-standard has-post-thumbnail portfolio-category-deco-es\" data-wow-delay=\"500ms\" target=\"_self\"><img loading=\"lazy\" decoding=\"async\" class=\"skip-lazy\" src=\"https:\/\/frederiquehorn.com\/wp-content\/uploads\/2019\/03\/IMG_9878.jpg\" width=\"1000\" height=\"1500\" alt=\"\" srcset=\"https:\/\/frederiquehorn.com\/wp-content\/uploads\/2019\/03\/IMG_9878.jpg 1000w, https:\/\/frederiquehorn.com\/wp-content\/uploads\/2019\/03\/IMG_9878-600x900.jpg 600w, https:\/\/frederiquehorn.com\/wp-content\/uploads\/2019\/03\/IMG_9878-200x300.jpg 200w, https:\/\/frederiquehorn.com\/wp-content\/uploads\/2019\/03\/IMG_9878-768x1152.jpg 768w, https:\/\/frederiquehorn.com\/wp-content\/uploads\/2019\/03\/IMG_9878-683x1024.jpg 683w, https:\/\/frederiquehorn.com\/wp-content\/uploads\/2019\/03\/IMG_9878-514x771.jpg 514w, https:\/\/frederiquehorn.com\/wp-content\/uploads\/2019\/03\/IMG_9878-81x122.jpg 81w\" sizes=\"(max-width: 1000px) 100vw, 1000px\" \/><\/a><!-- end gallery item --><!-- start gallery item --><a href=\"https:\/\/frederiquehorn.com\/wp-content\/uploads\/2019\/03\/IMG_9934.jpg\" class=\"hentry gallery-link portfolio-filter-554-pofo-portfolio-layout-1   wow fadeInUp  post-21725 portfolio type-portfolio status-publish format-standard has-post-thumbnail portfolio-category-deco-es\" data-wow-delay=\"600ms\" target=\"_self\"><img loading=\"lazy\" decoding=\"async\" class=\"skip-lazy\" src=\"https:\/\/frederiquehorn.com\/wp-content\/uploads\/2019\/03\/IMG_9934.jpg\" width=\"1061\" height=\"1500\" alt=\"\" srcset=\"https:\/\/frederiquehorn.com\/wp-content\/uploads\/2019\/03\/IMG_9934.jpg 1061w, https:\/\/frederiquehorn.com\/wp-content\/uploads\/2019\/03\/IMG_9934-600x848.jpg 600w, https:\/\/frederiquehorn.com\/wp-content\/uploads\/2019\/03\/IMG_9934-212x300.jpg 212w, https:\/\/frederiquehorn.com\/wp-content\/uploads\/2019\/03\/IMG_9934-768x1086.jpg 768w, https:\/\/frederiquehorn.com\/wp-content\/uploads\/2019\/03\/IMG_9934-724x1024.jpg 724w, https:\/\/frederiquehorn.com\/wp-content\/uploads\/2019\/03\/IMG_9934-545x771.jpg 545w, https:\/\/frederiquehorn.com\/wp-content\/uploads\/2019\/03\/IMG_9934-81x115.jpg 81w\" sizes=\"(max-width: 1061px) 100vw, 1061px\" \/><\/a><!-- end gallery item --><!-- start gallery item --><a href=\"https:\/\/frederiquehorn.com\/wp-content\/uploads\/2019\/03\/Portada-1.jpg\" class=\"hentry gallery-link portfolio-filter-554-pofo-portfolio-layout-1   wow fadeInUp  post-21729 portfolio type-portfolio status-publish format-standard has-post-thumbnail portfolio-category-deco-es\" data-wow-delay=\"700ms\" target=\"_self\"><img loading=\"lazy\" decoding=\"async\" class=\"skip-lazy\" src=\"https:\/\/frederiquehorn.com\/wp-content\/uploads\/2019\/03\/Portada-1.jpg\" width=\"1500\" height=\"1000\" alt=\"\" srcset=\"https:\/\/frederiquehorn.com\/wp-content\/uploads\/2019\/03\/Portada-1.jpg 1500w, https:\/\/frederiquehorn.com\/wp-content\/uploads\/2019\/03\/Portada-1-600x400.jpg 600w, https:\/\/frederiquehorn.com\/wp-content\/uploads\/2019\/03\/Portada-1-300x200.jpg 300w, https:\/\/frederiquehorn.com\/wp-content\/uploads\/2019\/03\/Portada-1-768x512.jpg 768w, https:\/\/frederiquehorn.com\/wp-content\/uploads\/2019\/03\/Portada-1-1024x683.jpg 1024w, https:\/\/frederiquehorn.com\/wp-content\/uploads\/2019\/03\/Portada-1-1157x771.jpg 1157w, https:\/\/frederiquehorn.com\/wp-content\/uploads\/2019\/03\/Portada-1-81x54.jpg 81w\" sizes=\"(max-width: 1500px) 100vw, 1500px\" \/><\/a><!-- end gallery item --><\/div><\/div><\/div><\/div><\/section><div class=\"vc_row-full-width vc_clearfix\"><\/div><section class=\"vc_row wpb_row vc_row-fluid\"><div class=\"wpb_column vc_column_container vc_col-sm-12  col-xs-mobile-fullwidth\"><div class=\"vc_column-inner \"><div class=\"wpb_wrapper\"><div class=\"last-paragraph-no-margin\"><h4>Frederique Hornbostel Photograph<\/h4>\n<\/div><div class=\"last-paragraph-no-margin\" style=\"color: #d1d1d1;\"><p class=\"p1\"><span class=\"s1\">En este estilo fotogr\u00e1fico la composici\u00f3n es el protagonista, sobre todo en las fotograf\u00edas de interiores <\/span><span class=\"s1\">y fotografia de arquitectura.<\/span><\/p>\n<\/div><\/div><\/div><\/div><\/section>\n<\/section>","protected":false},"excerpt":{"rendered":"","protected":false},"author":1,"featured_media":0,"parent":0,"menu_order":0,"comment_status":"closed","ping_status":"closed","template":"","meta":{"footnotes":""},"yoast_head":"<!-- This site is optimized with the Yoast SEO plugin v23.5 - https:\/\/yoast.com\/wordpress\/plugins\/seo\/ -->\n<title>Fotograf\u00eda de interiores y de arquitectura. Costa del Sol<\/title>\n<meta name=\"description\" content=\"Profesional especializado en ambientes de interiorismo y de arquitectura.Presupuestos adecuados a cada necesidad.\" \/>\n<meta name=\"robots\" content=\"index, follow, max-snippet:-1, max-image-preview:large, max-video-preview:-1\" \/>\n<link rel=\"canonical\" href=\"https:\/\/frederiquehorn.com\/es\/fotografia-de-interiores-y-arquitectura\/\" \/>\n<meta property=\"og:locale\" content=\"es_ES\" \/>\n<meta property=\"og:type\" content=\"article\" \/>\n<meta property=\"og:title\" content=\"Fotograf\u00eda de interiores y de arquitectura. Costa del Sol\" \/>\n<meta property=\"og:description\" content=\"Profesional especializado en ambientes de interiorismo y de arquitectura.Presupuestos adecuados a cada necesidad.\" \/>\n<meta property=\"og:url\" content=\"https:\/\/frederiquehorn.com\/es\/fotografia-de-interiores-y-arquitectura\/\" \/>\n<meta property=\"og:site_name\" content=\"Frederique Hornbostel Fotograf\u00eda\" \/>\n<meta property=\"article:modified_time\" content=\"2019-05-27T14:51:34+00:00\" \/>\n<meta name=\"twitter:card\" content=\"summary_large_image\" \/>\n<meta name=\"twitter:label1\" content=\"Tiempo de lectura\" \/>\n\t<meta name=\"twitter:data1\" content=\"2 minutos\" \/>\n<script type=\"application\/ld+json\" class=\"yoast-schema-graph\">{\"@context\":\"https:\/\/schema.org\",\"@graph\":[{\"@type\":\"WebPage\",\"@id\":\"https:\/\/frederiquehorn.com\/es\/fotografia-de-interiores-y-arquitectura\/\",\"url\":\"https:\/\/frederiquehorn.com\/es\/fotografia-de-interiores-y-arquitectura\/\",\"name\":\"Fotograf\u00eda de interiores y de arquitectura. Costa del Sol\",\"isPartOf\":{\"@id\":\"https:\/\/frederiquehorn.com\/#website\"},\"datePublished\":\"2019-03-26T09:00:35+00:00\",\"dateModified\":\"2019-05-27T14:51:34+00:00\",\"description\":\"Profesional especializado en ambientes de interiorismo y de arquitectura.Presupuestos adecuados a cada necesidad.\",\"breadcrumb\":{\"@id\":\"https:\/\/frederiquehorn.com\/es\/fotografia-de-interiores-y-arquitectura\/#breadcrumb\"},\"inLanguage\":\"es\",\"potentialAction\":[{\"@type\":\"ReadAction\",\"target\":[\"https:\/\/frederiquehorn.com\/es\/fotografia-de-interiores-y-arquitectura\/\"]}]},{\"@type\":\"BreadcrumbList\",\"@id\":\"https:\/\/frederiquehorn.com\/es\/fotografia-de-interiores-y-arquitectura\/#breadcrumb\",\"itemListElement\":[{\"@type\":\"ListItem\",\"position\":1,\"name\":\"Portada\",\"item\":\"https:\/\/frederiquehorn.com\/es\/\"},{\"@type\":\"ListItem\",\"position\":2,\"name\":\"Deco\"}]},{\"@type\":\"WebSite\",\"@id\":\"https:\/\/frederiquehorn.com\/#website\",\"url\":\"https:\/\/frederiquehorn.com\/\",\"name\":\"Frederique Hornbostel Fotograf\u00eda\",\"description\":\"Fotografia de eventos\",\"potentialAction\":[{\"@type\":\"SearchAction\",\"target\":{\"@type\":\"EntryPoint\",\"urlTemplate\":\"https:\/\/frederiquehorn.com\/?s={search_term_string}\"},\"query-input\":{\"@type\":\"PropertyValueSpecification\",\"valueRequired\":true,\"valueName\":\"search_term_string\"}}],\"inLanguage\":\"es\"}]}<\/script>\n<!-- \/ Yoast SEO plugin. -->","yoast_head_json":{"title":"Fotograf\u00eda de interiores y de arquitectura. Costa del Sol","description":"Profesional especializado en ambientes de interiorismo y de arquitectura.Presupuestos adecuados a cada necesidad.","robots":{"index":"index","follow":"follow","max-snippet":"max-snippet:-1","max-image-preview":"max-image-preview:large","max-video-preview":"max-video-preview:-1"},"canonical":"https:\/\/frederiquehorn.com\/es\/fotografia-de-interiores-y-arquitectura\/","og_locale":"es_ES","og_type":"article","og_title":"Fotograf\u00eda de interiores y de arquitectura. Costa del Sol","og_description":"Profesional especializado en ambientes de interiorismo y de arquitectura.Presupuestos adecuados a cada necesidad.","og_url":"https:\/\/frederiquehorn.com\/es\/fotografia-de-interiores-y-arquitectura\/","og_site_name":"Frederique Hornbostel Fotograf\u00eda","article_modified_time":"2019-05-27T14:51:34+00:00","twitter_card":"summary_large_image","twitter_misc":{"Tiempo de lectura":"2 minutos"},"schema":{"@context":"https:\/\/schema.org","@graph":[{"@type":"WebPage","@id":"https:\/\/frederiquehorn.com\/es\/fotografia-de-interiores-y-arquitectura\/","url":"https:\/\/frederiquehorn.com\/es\/fotografia-de-interiores-y-arquitectura\/","name":"Fotograf\u00eda de interiores y de arquitectura. Costa del Sol","isPartOf":{"@id":"https:\/\/frederiquehorn.com\/#website"},"datePublished":"2019-03-26T09:00:35+00:00","dateModified":"2019-05-27T14:51:34+00:00","description":"Profesional especializado en ambientes de interiorismo y de arquitectura.Presupuestos adecuados a cada necesidad.","breadcrumb":{"@id":"https:\/\/frederiquehorn.com\/es\/fotografia-de-interiores-y-arquitectura\/#breadcrumb"},"inLanguage":"es","potentialAction":[{"@type":"ReadAction","target":["https:\/\/frederiquehorn.com\/es\/fotografia-de-interiores-y-arquitectura\/"]}]},{"@type":"BreadcrumbList","@id":"https:\/\/frederiquehorn.com\/es\/fotografia-de-interiores-y-arquitectura\/#breadcrumb","itemListElement":[{"@type":"ListItem","position":1,"name":"Portada","item":"https:\/\/frederiquehorn.com\/es\/"},{"@type":"ListItem","position":2,"name":"Deco"}]},{"@type":"WebSite","@id":"https:\/\/frederiquehorn.com\/#website","url":"https:\/\/frederiquehorn.com\/","name":"Frederique Hornbostel Fotograf\u00eda","description":"Fotografia de eventos","potentialAction":[{"@type":"SearchAction","target":{"@type":"EntryPoint","urlTemplate":"https:\/\/frederiquehorn.com\/?s={search_term_string}"},"query-input":{"@type":"PropertyValueSpecification","valueRequired":true,"valueName":"search_term_string"}}],"inLanguage":"es"}]}},"_links":{"self":[{"href":"https:\/\/frederiquehorn.com\/es\/wp-json\/wp\/v2\/pages\/21734"}],"collection":[{"href":"https:\/\/frederiquehorn.com\/es\/wp-json\/wp\/v2\/pages"}],"about":[{"href":"https:\/\/frederiquehorn.com\/es\/wp-json\/wp\/v2\/types\/page"}],"author":[{"embeddable":true,"href":"https:\/\/frederiquehorn.com\/es\/wp-json\/wp\/v2\/users\/1"}],"replies":[{"embeddable":true,"href":"https:\/\/frederiquehorn.com\/es\/wp-json\/wp\/v2\/comments?post=21734"}],"version-history":[{"count":9,"href":"https:\/\/frederiquehorn.com\/es\/wp-json\/wp\/v2\/pages\/21734\/revisions"}],"predecessor-version":[{"id":23059,"href":"https:\/\/frederiquehorn.com\/es\/wp-json\/wp\/v2\/pages\/21734\/revisions\/23059"}],"wp:attachment":[{"href":"https:\/\/frederiquehorn.com\/es\/wp-json\/wp\/v2\/media?parent=21734"}],"curies":[{"name":"wp","href":"https:\/\/api.w.org\/{rel}","templated":true}]}}