{"id":21670,"date":"2019-03-26T08:30:05","date_gmt":"2019-03-26T08:30:05","guid":{"rendered":"http:\/\/frederiquehorn.com\/automobile\/"},"modified":"2019-05-27T14:56:19","modified_gmt":"2019-05-27T14:56:19","slug":"fotografo-profesional-coches","status":"publish","type":"page","link":"https:\/\/frederiquehorn.com\/es\/fotografo-profesional-coches\/","title":{"rendered":"automobile"},"content":{"rendered":"<section class=\"wpb-content-wrapper\"><section data-vc-full-width=\"true\" data-vc-full-width-init=\"false\" data-vc-stretch-content=\"true\" data-parallax-background-ratio=\"0.5\" class=\"vc_row wpb_row vc_row-fluid  vc_custom_1553589081665 wow fadeIn vc_row-has-fill pofo-stretch-content vc_row-o-content-middle vc_row-flex parallax pofo-row-responsive-69ea4829080cc\" style=\"min-height: 800px;\"><div class=\"bg-extra-dark-gray bg-overlay\" style=\"opacity:0.7; \"><\/div><div class=\"wpb_column vc_column_container vc_col-sm-1 vc_col-lg-4 vc_col-md-2 vc_hidden-xs col-xs-mobile-fullwidth\"><div class=\"vc_column-inner \"><div class=\"wpb_wrapper\"><\/div><\/div><\/div><div class=\"wpb_column vc_column_container vc_col-sm-10 vc_col-lg-4 vc_col-md-8 vc_col-xs-12 text-center\"><div class=\"vc_column-inner \"><div class=\"wpb_wrapper\"><h2 class=\"text-extra-dark-gray margin-20px-bottom font-weight-600 display-inline-block alt-font heading-style2  vc_custom_1553589495077 pofo-button-responsive-69ea4829083d0  heading-1\"  style=\"font-size: 22px; color: #ffffff;\" data-fontsize=\"22px\">AUTOM\u00d3VIL<\/h2><\/div><\/div><\/div><div class=\"wpb_column vc_column_container vc_col-sm-1 vc_col-lg-4 vc_col-md-2 vc_hidden-xs col-xs-mobile-fullwidth\"><div class=\"vc_column-inner \"><div class=\"wpb_wrapper\"><\/div><\/div><\/div><\/section><div class=\"vc_row-full-width vc_clearfix\"><\/div><section data-vc-full-width=\"true\" data-vc-full-width-init=\"false\" data-vc-stretch-content=\"true\" class=\"vc_row wpb_row vc_row-fluid  vc_custom_1507005882042 wow fadeIn pofo-stretch-content vc_row-no-padding\"><div class=\"wpb_column vc_column_container vc_col-sm-12  col-xs-mobile-fullwidth\"><div class=\"vc_column-inner vc_custom_1507010067078\"><div class=\"wpb_wrapper\"><div class=\"justified-gallery no-transition portfolio-style-9 pofo-portfolio-layout-1 lightbox-portfolio\" data-height=\"400\" data-spacing=\"10\" data-uniqueid=\"pofo-portfolio-layout-1\"><!-- start gallery item --><a href=\"https:\/\/frederiquehorn.com\/wp-content\/uploads\/2019\/03\/IMG_5660.jpg\" class=\"hentry gallery-link portfolio-filter-552-pofo-portfolio-layout-1   wow fadeInUp  post-21598 portfolio type-portfolio status-publish format-standard has-post-thumbnail portfolio-category-automobile-es\" target=\"_self\"><img loading=\"lazy\" decoding=\"async\" class=\"skip-lazy\" src=\"https:\/\/frederiquehorn.com\/wp-content\/uploads\/2019\/03\/IMG_5660.jpg\" width=\"1500\" height=\"1000\" alt=\"\" srcset=\"https:\/\/frederiquehorn.com\/wp-content\/uploads\/2019\/03\/IMG_5660.jpg 1500w, https:\/\/frederiquehorn.com\/wp-content\/uploads\/2019\/03\/IMG_5660-600x400.jpg 600w, https:\/\/frederiquehorn.com\/wp-content\/uploads\/2019\/03\/IMG_5660-300x200.jpg 300w, https:\/\/frederiquehorn.com\/wp-content\/uploads\/2019\/03\/IMG_5660-768x512.jpg 768w, https:\/\/frederiquehorn.com\/wp-content\/uploads\/2019\/03\/IMG_5660-1024x683.jpg 1024w, https:\/\/frederiquehorn.com\/wp-content\/uploads\/2019\/03\/IMG_5660-1157x771.jpg 1157w, https:\/\/frederiquehorn.com\/wp-content\/uploads\/2019\/03\/IMG_5660-81x54.jpg 81w\" sizes=\"(max-width: 1500px) 100vw, 1500px\" \/><\/a><!-- end gallery item --><!-- start gallery item --><a href=\"https:\/\/frederiquehorn.com\/wp-content\/uploads\/2019\/03\/IMG_5688.jpg\" class=\"hentry gallery-link portfolio-filter-552-pofo-portfolio-layout-1   wow fadeInUp  post-21641 portfolio type-portfolio status-publish format-standard has-post-thumbnail portfolio-category-automobile-es\" data-wow-delay=\"100ms\" target=\"_self\"><img loading=\"lazy\" decoding=\"async\" class=\"skip-lazy\" src=\"https:\/\/frederiquehorn.com\/wp-content\/uploads\/2019\/03\/IMG_5688.jpg\" width=\"1500\" height=\"1000\" alt=\"\" srcset=\"https:\/\/frederiquehorn.com\/wp-content\/uploads\/2019\/03\/IMG_5688.jpg 1500w, https:\/\/frederiquehorn.com\/wp-content\/uploads\/2019\/03\/IMG_5688-600x400.jpg 600w, https:\/\/frederiquehorn.com\/wp-content\/uploads\/2019\/03\/IMG_5688-300x200.jpg 300w, https:\/\/frederiquehorn.com\/wp-content\/uploads\/2019\/03\/IMG_5688-768x512.jpg 768w, https:\/\/frederiquehorn.com\/wp-content\/uploads\/2019\/03\/IMG_5688-1024x683.jpg 1024w, https:\/\/frederiquehorn.com\/wp-content\/uploads\/2019\/03\/IMG_5688-1157x771.jpg 1157w, https:\/\/frederiquehorn.com\/wp-content\/uploads\/2019\/03\/IMG_5688-81x54.jpg 81w\" sizes=\"(max-width: 1500px) 100vw, 1500px\" \/><\/a><!-- end gallery item --><!-- start gallery item --><a href=\"https:\/\/frederiquehorn.com\/wp-content\/uploads\/2019\/03\/IMG_5686.jpg\" class=\"hentry gallery-link portfolio-filter-552-pofo-portfolio-layout-1   wow fadeInUp  post-21645 portfolio type-portfolio status-publish format-standard has-post-thumbnail portfolio-category-automobile-es\" data-wow-delay=\"200ms\" target=\"_self\"><img loading=\"lazy\" decoding=\"async\" class=\"skip-lazy\" src=\"https:\/\/frederiquehorn.com\/wp-content\/uploads\/2019\/03\/IMG_5686.jpg\" width=\"1500\" height=\"1000\" alt=\"\" srcset=\"https:\/\/frederiquehorn.com\/wp-content\/uploads\/2019\/03\/IMG_5686.jpg 1500w, https:\/\/frederiquehorn.com\/wp-content\/uploads\/2019\/03\/IMG_5686-600x400.jpg 600w, https:\/\/frederiquehorn.com\/wp-content\/uploads\/2019\/03\/IMG_5686-300x200.jpg 300w, https:\/\/frederiquehorn.com\/wp-content\/uploads\/2019\/03\/IMG_5686-768x512.jpg 768w, https:\/\/frederiquehorn.com\/wp-content\/uploads\/2019\/03\/IMG_5686-1024x683.jpg 1024w, https:\/\/frederiquehorn.com\/wp-content\/uploads\/2019\/03\/IMG_5686-1157x771.jpg 1157w, https:\/\/frederiquehorn.com\/wp-content\/uploads\/2019\/03\/IMG_5686-81x54.jpg 81w\" sizes=\"(max-width: 1500px) 100vw, 1500px\" \/><\/a><!-- end gallery item --><!-- start gallery item --><a href=\"https:\/\/frederiquehorn.com\/wp-content\/uploads\/2019\/03\/IMG_9925-copia-2.jpg\" class=\"hentry gallery-link portfolio-filter-552-pofo-portfolio-layout-1   wow fadeInUp  post-21649 portfolio type-portfolio status-publish format-standard has-post-thumbnail portfolio-category-automobile-es\" data-wow-delay=\"300ms\" target=\"_self\"><img loading=\"lazy\" decoding=\"async\" class=\"skip-lazy\" src=\"https:\/\/frederiquehorn.com\/wp-content\/uploads\/2019\/03\/IMG_9925-copia-2.jpg\" width=\"1500\" height=\"835\" alt=\"\" srcset=\"https:\/\/frederiquehorn.com\/wp-content\/uploads\/2019\/03\/IMG_9925-copia-2.jpg 1500w, https:\/\/frederiquehorn.com\/wp-content\/uploads\/2019\/03\/IMG_9925-copia-2-600x334.jpg 600w, https:\/\/frederiquehorn.com\/wp-content\/uploads\/2019\/03\/IMG_9925-copia-2-300x167.jpg 300w, https:\/\/frederiquehorn.com\/wp-content\/uploads\/2019\/03\/IMG_9925-copia-2-768x428.jpg 768w, https:\/\/frederiquehorn.com\/wp-content\/uploads\/2019\/03\/IMG_9925-copia-2-1024x570.jpg 1024w, https:\/\/frederiquehorn.com\/wp-content\/uploads\/2019\/03\/IMG_9925-copia-2-1200x668.jpg 1200w, https:\/\/frederiquehorn.com\/wp-content\/uploads\/2019\/03\/IMG_9925-copia-2-81x45.jpg 81w\" sizes=\"(max-width: 1500px) 100vw, 1500px\" \/><\/a><!-- end gallery item --><!-- start gallery item --><a href=\"https:\/\/frederiquehorn.com\/wp-content\/uploads\/2019\/03\/IMG_9927.jpg\" class=\"hentry gallery-link portfolio-filter-552-pofo-portfolio-layout-1   wow fadeInUp  post-21652 portfolio type-portfolio status-publish format-standard has-post-thumbnail portfolio-category-automobile-es\" data-wow-delay=\"400ms\" target=\"_self\"><img loading=\"lazy\" decoding=\"async\" class=\"skip-lazy\" src=\"https:\/\/frederiquehorn.com\/wp-content\/uploads\/2019\/03\/IMG_9927.jpg\" width=\"1500\" height=\"839\" alt=\"\" srcset=\"https:\/\/frederiquehorn.com\/wp-content\/uploads\/2019\/03\/IMG_9927.jpg 1500w, https:\/\/frederiquehorn.com\/wp-content\/uploads\/2019\/03\/IMG_9927-600x336.jpg 600w, https:\/\/frederiquehorn.com\/wp-content\/uploads\/2019\/03\/IMG_9927-300x168.jpg 300w, https:\/\/frederiquehorn.com\/wp-content\/uploads\/2019\/03\/IMG_9927-768x430.jpg 768w, https:\/\/frederiquehorn.com\/wp-content\/uploads\/2019\/03\/IMG_9927-1024x573.jpg 1024w, https:\/\/frederiquehorn.com\/wp-content\/uploads\/2019\/03\/IMG_9927-1200x671.jpg 1200w, https:\/\/frederiquehorn.com\/wp-content\/uploads\/2019\/03\/IMG_9927-81x45.jpg 81w\" sizes=\"(max-width: 1500px) 100vw, 1500px\" \/><\/a><!-- end gallery item --><!-- start gallery item --><a href=\"https:\/\/frederiquehorn.com\/wp-content\/uploads\/2019\/03\/IMG_9966-copia.jpg\" class=\"hentry gallery-link portfolio-filter-552-pofo-portfolio-layout-1   wow fadeInUp  post-21656 portfolio type-portfolio status-publish format-standard has-post-thumbnail portfolio-category-automobile-es\" data-wow-delay=\"500ms\" target=\"_self\"><img loading=\"lazy\" decoding=\"async\" class=\"skip-lazy\" src=\"https:\/\/frederiquehorn.com\/wp-content\/uploads\/2019\/03\/IMG_9966-copia.jpg\" width=\"1500\" height=\"1000\" alt=\"\" srcset=\"https:\/\/frederiquehorn.com\/wp-content\/uploads\/2019\/03\/IMG_9966-copia.jpg 1500w, https:\/\/frederiquehorn.com\/wp-content\/uploads\/2019\/03\/IMG_9966-copia-600x400.jpg 600w, https:\/\/frederiquehorn.com\/wp-content\/uploads\/2019\/03\/IMG_9966-copia-300x200.jpg 300w, https:\/\/frederiquehorn.com\/wp-content\/uploads\/2019\/03\/IMG_9966-copia-768x512.jpg 768w, https:\/\/frederiquehorn.com\/wp-content\/uploads\/2019\/03\/IMG_9966-copia-1024x683.jpg 1024w, https:\/\/frederiquehorn.com\/wp-content\/uploads\/2019\/03\/IMG_9966-copia-1157x771.jpg 1157w, https:\/\/frederiquehorn.com\/wp-content\/uploads\/2019\/03\/IMG_9966-copia-81x54.jpg 81w\" sizes=\"(max-width: 1500px) 100vw, 1500px\" \/><\/a><!-- end gallery item --><!-- start gallery item --><a href=\"https:\/\/frederiquehorn.com\/wp-content\/uploads\/2019\/03\/IMG_9968.jpg\" class=\"hentry gallery-link portfolio-filter-552-pofo-portfolio-layout-1   wow fadeInUp  post-21660 portfolio type-portfolio status-publish format-standard has-post-thumbnail portfolio-category-automobile-es\" data-wow-delay=\"600ms\" target=\"_self\"><img loading=\"lazy\" decoding=\"async\" class=\"skip-lazy\" src=\"https:\/\/frederiquehorn.com\/wp-content\/uploads\/2019\/03\/IMG_9968.jpg\" width=\"1500\" height=\"1118\" alt=\"\" srcset=\"https:\/\/frederiquehorn.com\/wp-content\/uploads\/2019\/03\/IMG_9968.jpg 1500w, https:\/\/frederiquehorn.com\/wp-content\/uploads\/2019\/03\/IMG_9968-600x447.jpg 600w, https:\/\/frederiquehorn.com\/wp-content\/uploads\/2019\/03\/IMG_9968-300x224.jpg 300w, https:\/\/frederiquehorn.com\/wp-content\/uploads\/2019\/03\/IMG_9968-768x572.jpg 768w, https:\/\/frederiquehorn.com\/wp-content\/uploads\/2019\/03\/IMG_9968-1024x763.jpg 1024w, https:\/\/frederiquehorn.com\/wp-content\/uploads\/2019\/03\/IMG_9968-1034x771.jpg 1034w, https:\/\/frederiquehorn.com\/wp-content\/uploads\/2019\/03\/IMG_9968-81x60.jpg 81w\" sizes=\"(max-width: 1500px) 100vw, 1500px\" \/><\/a><!-- end gallery item --><!-- start gallery item --><a href=\"https:\/\/frederiquehorn.com\/wp-content\/uploads\/2019\/03\/Portada.jpg\" class=\"hentry gallery-link portfolio-filter-552-pofo-portfolio-layout-1   wow fadeInUp  post-21664 portfolio type-portfolio status-publish format-standard has-post-thumbnail portfolio-category-automobile-es\" data-wow-delay=\"700ms\" target=\"_self\"><img loading=\"lazy\" decoding=\"async\" class=\"skip-lazy\" src=\"https:\/\/frederiquehorn.com\/wp-content\/uploads\/2019\/03\/Portada.jpg\" width=\"1500\" height=\"1000\" alt=\"\" srcset=\"https:\/\/frederiquehorn.com\/wp-content\/uploads\/2019\/03\/Portada.jpg 1500w, https:\/\/frederiquehorn.com\/wp-content\/uploads\/2019\/03\/Portada-600x400.jpg 600w, https:\/\/frederiquehorn.com\/wp-content\/uploads\/2019\/03\/Portada-300x200.jpg 300w, https:\/\/frederiquehorn.com\/wp-content\/uploads\/2019\/03\/Portada-768x512.jpg 768w, https:\/\/frederiquehorn.com\/wp-content\/uploads\/2019\/03\/Portada-1024x683.jpg 1024w, https:\/\/frederiquehorn.com\/wp-content\/uploads\/2019\/03\/Portada-1157x771.jpg 1157w, https:\/\/frederiquehorn.com\/wp-content\/uploads\/2019\/03\/Portada-81x54.jpg 81w\" sizes=\"(max-width: 1500px) 100vw, 1500px\" \/><\/a><!-- end gallery item --><\/div><\/div><\/div><\/div><\/section><div class=\"vc_row-full-width vc_clearfix\"><\/div>\n<\/section>","protected":false},"excerpt":{"rendered":"","protected":false},"author":1,"featured_media":0,"parent":0,"menu_order":0,"comment_status":"closed","ping_status":"closed","template":"","meta":{"footnotes":""},"yoast_head":"<!-- This site is optimized with the Yoast SEO plugin v23.5 - https:\/\/yoast.com\/wordpress\/plugins\/seo\/ -->\n<title>Fot\u00f3grafo profesional sector autom\u00f3vil. Costa del Sol<\/title>\n<meta name=\"description\" content=\"Espa\u00f1ol, ingl\u00e9s y franc\u00e9s. Larga experiencia en el sector.\" \/>\n<meta name=\"robots\" content=\"index, follow, max-snippet:-1, max-image-preview:large, max-video-preview:-1\" \/>\n<link rel=\"canonical\" href=\"https:\/\/frederiquehorn.com\/es\/fotografo-profesional-coches\/\" \/>\n<meta property=\"og:locale\" content=\"es_ES\" \/>\n<meta property=\"og:type\" content=\"article\" \/>\n<meta property=\"og:title\" content=\"Fot\u00f3grafo profesional sector autom\u00f3vil. Costa del Sol\" \/>\n<meta property=\"og:description\" content=\"Espa\u00f1ol, ingl\u00e9s y franc\u00e9s. Larga experiencia en el sector.\" \/>\n<meta property=\"og:url\" content=\"https:\/\/frederiquehorn.com\/es\/fotografo-profesional-coches\/\" \/>\n<meta property=\"og:site_name\" content=\"Frederique Hornbostel Fotograf\u00eda\" \/>\n<meta property=\"article:modified_time\" content=\"2019-05-27T14:56:19+00:00\" \/>\n<meta name=\"twitter:card\" content=\"summary_large_image\" \/>\n<meta name=\"twitter:label1\" content=\"Tiempo de lectura\" \/>\n\t<meta name=\"twitter:data1\" content=\"3 minutos\" \/>\n<script type=\"application\/ld+json\" class=\"yoast-schema-graph\">{\"@context\":\"https:\/\/schema.org\",\"@graph\":[{\"@type\":\"WebPage\",\"@id\":\"https:\/\/frederiquehorn.com\/es\/fotografo-profesional-coches\/\",\"url\":\"https:\/\/frederiquehorn.com\/es\/fotografo-profesional-coches\/\",\"name\":\"Fot\u00f3grafo profesional sector autom\u00f3vil. Costa del Sol\",\"isPartOf\":{\"@id\":\"https:\/\/frederiquehorn.com\/#website\"},\"datePublished\":\"2019-03-26T08:30:05+00:00\",\"dateModified\":\"2019-05-27T14:56:19+00:00\",\"description\":\"Espa\u00f1ol, ingl\u00e9s y franc\u00e9s. Larga experiencia en el sector.\",\"breadcrumb\":{\"@id\":\"https:\/\/frederiquehorn.com\/es\/fotografo-profesional-coches\/#breadcrumb\"},\"inLanguage\":\"es\",\"potentialAction\":[{\"@type\":\"ReadAction\",\"target\":[\"https:\/\/frederiquehorn.com\/es\/fotografo-profesional-coches\/\"]}]},{\"@type\":\"BreadcrumbList\",\"@id\":\"https:\/\/frederiquehorn.com\/es\/fotografo-profesional-coches\/#breadcrumb\",\"itemListElement\":[{\"@type\":\"ListItem\",\"position\":1,\"name\":\"Portada\",\"item\":\"https:\/\/frederiquehorn.com\/es\/\"},{\"@type\":\"ListItem\",\"position\":2,\"name\":\"automobile\"}]},{\"@type\":\"WebSite\",\"@id\":\"https:\/\/frederiquehorn.com\/#website\",\"url\":\"https:\/\/frederiquehorn.com\/\",\"name\":\"Frederique Hornbostel Fotograf\u00eda\",\"description\":\"Fotografia de eventos\",\"potentialAction\":[{\"@type\":\"SearchAction\",\"target\":{\"@type\":\"EntryPoint\",\"urlTemplate\":\"https:\/\/frederiquehorn.com\/?s={search_term_string}\"},\"query-input\":{\"@type\":\"PropertyValueSpecification\",\"valueRequired\":true,\"valueName\":\"search_term_string\"}}],\"inLanguage\":\"es\"}]}<\/script>\n<!-- \/ Yoast SEO plugin. -->","yoast_head_json":{"title":"Fot\u00f3grafo profesional sector autom\u00f3vil. Costa del Sol","description":"Espa\u00f1ol, ingl\u00e9s y franc\u00e9s. Larga experiencia en el sector.","robots":{"index":"index","follow":"follow","max-snippet":"max-snippet:-1","max-image-preview":"max-image-preview:large","max-video-preview":"max-video-preview:-1"},"canonical":"https:\/\/frederiquehorn.com\/es\/fotografo-profesional-coches\/","og_locale":"es_ES","og_type":"article","og_title":"Fot\u00f3grafo profesional sector autom\u00f3vil. Costa del Sol","og_description":"Espa\u00f1ol, ingl\u00e9s y franc\u00e9s. Larga experiencia en el sector.","og_url":"https:\/\/frederiquehorn.com\/es\/fotografo-profesional-coches\/","og_site_name":"Frederique Hornbostel Fotograf\u00eda","article_modified_time":"2019-05-27T14:56:19+00:00","twitter_card":"summary_large_image","twitter_misc":{"Tiempo de lectura":"3 minutos"},"schema":{"@context":"https:\/\/schema.org","@graph":[{"@type":"WebPage","@id":"https:\/\/frederiquehorn.com\/es\/fotografo-profesional-coches\/","url":"https:\/\/frederiquehorn.com\/es\/fotografo-profesional-coches\/","name":"Fot\u00f3grafo profesional sector autom\u00f3vil. Costa del Sol","isPartOf":{"@id":"https:\/\/frederiquehorn.com\/#website"},"datePublished":"2019-03-26T08:30:05+00:00","dateModified":"2019-05-27T14:56:19+00:00","description":"Espa\u00f1ol, ingl\u00e9s y franc\u00e9s. Larga experiencia en el sector.","breadcrumb":{"@id":"https:\/\/frederiquehorn.com\/es\/fotografo-profesional-coches\/#breadcrumb"},"inLanguage":"es","potentialAction":[{"@type":"ReadAction","target":["https:\/\/frederiquehorn.com\/es\/fotografo-profesional-coches\/"]}]},{"@type":"BreadcrumbList","@id":"https:\/\/frederiquehorn.com\/es\/fotografo-profesional-coches\/#breadcrumb","itemListElement":[{"@type":"ListItem","position":1,"name":"Portada","item":"https:\/\/frederiquehorn.com\/es\/"},{"@type":"ListItem","position":2,"name":"automobile"}]},{"@type":"WebSite","@id":"https:\/\/frederiquehorn.com\/#website","url":"https:\/\/frederiquehorn.com\/","name":"Frederique Hornbostel Fotograf\u00eda","description":"Fotografia de eventos","potentialAction":[{"@type":"SearchAction","target":{"@type":"EntryPoint","urlTemplate":"https:\/\/frederiquehorn.com\/?s={search_term_string}"},"query-input":{"@type":"PropertyValueSpecification","valueRequired":true,"valueName":"search_term_string"}}],"inLanguage":"es"}]}},"_links":{"self":[{"href":"https:\/\/frederiquehorn.com\/es\/wp-json\/wp\/v2\/pages\/21670"}],"collection":[{"href":"https:\/\/frederiquehorn.com\/es\/wp-json\/wp\/v2\/pages"}],"about":[{"href":"https:\/\/frederiquehorn.com\/es\/wp-json\/wp\/v2\/types\/page"}],"author":[{"embeddable":true,"href":"https:\/\/frederiquehorn.com\/es\/wp-json\/wp\/v2\/users\/1"}],"replies":[{"embeddable":true,"href":"https:\/\/frederiquehorn.com\/es\/wp-json\/wp\/v2\/comments?post=21670"}],"version-history":[{"count":7,"href":"https:\/\/frederiquehorn.com\/es\/wp-json\/wp\/v2\/pages\/21670\/revisions"}],"predecessor-version":[{"id":22841,"href":"https:\/\/frederiquehorn.com\/es\/wp-json\/wp\/v2\/pages\/21670\/revisions\/22841"}],"wp:attachment":[{"href":"https:\/\/frederiquehorn.com\/es\/wp-json\/wp\/v2\/media?parent=21670"}],"curies":[{"name":"wp","href":"https:\/\/api.w.org\/{rel}","templated":true}]}}